{"id":3844,"date":"2017-01-12T15:36:14","date_gmt":"2017-01-12T14:36:14","guid":{"rendered":"https:\/\/belling.eu\/service-clients\/contact\/"},"modified":"2025-07-09T16:44:51","modified_gmt":"2025-07-09T14:44:51","slug":"contact","status":"publish","type":"page","link":"https:\/\/belling.eu\/fr\/service-clients\/contact\/","title":{"rendered":"Contact"},"content":{"rendered":"<div id=\"pl-3844\"  class=\"panel-layout\" ><div id=\"pg-3844-0\"  class=\"panel-grid panel-no-style\" ><div id=\"pgc-3844-0-0\"  class=\"panel-grid-cell\" ><div id=\"panel-3844-0-0-0\" class=\"so-panel widget widget_sow-headline panel-first-child\" data-index=\"0\" ><div\n\t\t\t\n\t\t\tclass=\"so-widget-sow-headline so-widget-sow-headline-default-fa1cc6ec0604-3844\"\n\t\t\t\n\t\t><div class=\"sow-headline-container \">\n\t\t\t\t\t\t\t<h2 class=\"sow-headline\">\n\t\t\t\t\t\tShowroom d'Heerenveen\t\t\t\t\t\t<\/h2>\n\t\t\t\t\t\t<\/div>\n<\/div><\/div><div id=\"panel-3844-0-0-1\" class=\"so-panel widget widget_sow-editor\" data-index=\"1\" ><div\n\t\t\t\n\t\t\tclass=\"so-widget-sow-editor so-widget-sow-editor-base\"\n\t\t\t\n\t\t>\n<div class=\"siteorigin-widget-tinymce textwidget\">\n\t<p>Notre showroom a \u00e9t\u00e9 enti\u00e8rement r\u00e9nov\u00e9 et est plus beau que jamais ! Vous pourrez y d\u00e9couvrir un vaste \u00e9chantillon de notre catalogue.<\/p>\n<p>Curieux de voir \u00e7a ?<br \/>\nEn raison de la pand\u00e9mie de COVID-19, notre showroom est accessible les lundis, mardis et jeudis sur rendez-vous uniquement.<\/p>\n<p>Nous sommes \u00e9galement ouverts samedi 12 d\u00e9cembre, de 10h00 \u00e0 16h00 (\u00e9galement sur rendez-vous) :<\/p>\n<p>Pour prendre rendez-vous en vue de votre visite \u00e0 Heerenveen, veuillez remplir le formulaire ci-dessous et indiquer la date qui a votre pr\u00e9f\u00e9rence dans les remarques. Vous pouvez aussi nous appeler au :<\/p>\n<p>+31(0)513-656500 (nous sommes joignables du lu au ve, de 08h30 \u00e0 17h00)<\/p>\n<\/div>\n<\/div><\/div><div id=\"panel-3844-0-0-2\" class=\"so-panel widget widget_sow-editor panel-last-child\" data-index=\"2\" ><div\n\t\t\t\n\t\t\tclass=\"so-widget-sow-editor so-widget-sow-editor-base\"\n\t\t\t\n\t\t>\n<div class=\"siteorigin-widget-tinymce textwidget\">\n\t<div class=\"wpcf7 no-js\" id=\"wpcf7-f3850-o1\" lang=\"nl-NL\" dir=\"ltr\" data-wpcf7-id=\"3850\">\n<div class=\"screen-reader-response\">\n<p role=\"status\" aria-live=\"polite\" aria-atomic=\"true\">\n<ul><\/ul>\n<\/div>\n<form action=\"\/fr\/wp-json\/wp\/v2\/pages\/3844#wpcf7-f3850-o1\" method=\"post\" class=\"wpcf7-form init\" aria-label=\"Contactformulier\" novalidate=\"novalidate\" data-status=\"init\">\n<fieldset class=\"hidden-fields-container\"><input type=\"hidden\" name=\"_wpcf7\" value=\"3850\" \/><input type=\"hidden\" name=\"_wpcf7_version\" value=\"6.1.5\" \/><input type=\"hidden\" name=\"_wpcf7_locale\" value=\"nl_NL\" \/><input type=\"hidden\" name=\"_wpcf7_unit_tag\" value=\"wpcf7-f3850-o1\" \/><input type=\"hidden\" name=\"_wpcf7_container_post\" value=\"0\" \/><input type=\"hidden\" name=\"_wpcf7_posted_data_hash\" value=\"\" \/><input type=\"hidden\" name=\"_wpcf7_recaptcha_response\" value=\"\" \/><br \/>\n<\/fieldset>\n<p><label>Nom<br \/>\n<span class=\"wpcf7-form-control-wrap\" data-name=\"naam\"><input size=\"40\" maxlength=\"400\" class=\"wpcf7-form-control wpcf7-text\" aria-invalid=\"false\" value=\"\" type=\"text\" name=\"naam\" \/><\/span> <\/label>\n<\/p>\n<p><label>Adresse<br \/>\n<span class=\"wpcf7-form-control-wrap\" data-name=\"adres\"><input size=\"40\" maxlength=\"400\" class=\"wpcf7-form-control wpcf7-text\" aria-invalid=\"false\" value=\"\" type=\"text\" name=\"adres\" \/><\/span> <\/label>\n<\/p>\n<p><label>Num\u00e9ro(s) de t\u00e9l\u00e9phone<br \/>\n<span class=\"wpcf7-form-control-wrap\" data-name=\"telefoon\"><input size=\"40\" maxlength=\"400\" class=\"wpcf7-form-control wpcf7-tel wpcf7-text wpcf7-validates-as-tel\" aria-invalid=\"false\" value=\"\" type=\"tel\" name=\"telefoon\" \/><\/span> <\/label>\n<\/p>\n<p><label>Adresse e-mail<br \/>\n<span class=\"wpcf7-form-control-wrap\" data-name=\"emailadres\"><input size=\"40\" maxlength=\"400\" class=\"wpcf7-form-control wpcf7-email wpcf7-text wpcf7-validates-as-email\" aria-invalid=\"false\" value=\"\" type=\"email\" name=\"emailadres\" \/><\/span> <\/label>\n<\/p>\n<p><label>Remarques<br \/>\n<span class=\"wpcf7-form-control-wrap\" data-name=\"opmerkingen\"><textarea cols=\"40\" rows=\"10\" maxlength=\"2000\" class=\"wpcf7-form-control wpcf7-textarea\" aria-invalid=\"false\" name=\"opmerkingen\"><\/textarea><\/span><\/label>\n<\/p>\n<p><input class=\"wpcf7-form-control wpcf7-submit has-spinner\" type=\"submit\" value=\"Envoyer\" \/>\n<\/p>\n<p><input type=\"hidden\" id=\"ct_checkjs_cf7_430c3626b879b4005d41b8a46172e0c0\" name=\"ct_checkjs_cf7\" value=\"0\" \/><script >setTimeout(function(){var ct_input_name = \"ct_checkjs_cf7_430c3626b879b4005d41b8a46172e0c0\";if (document.getElementById(ct_input_name) !== null) {var ct_input_value = document.getElementById(ct_input_name).value;document.getElementById(ct_input_name).value = document.getElementById(ct_input_name).value.replace(ct_input_value, 'd033157e317edfca7d34e2c4394c02a4af30ca1ce302cefd2c271fda3358624a');}}, 1000);<\/script><input\n                    class=\"apbct_special_field apbct_email_id__wp_contact_form_7\"\n                    name=\"apbct__email_id__wp_contact_form_7\"\n                    aria-label=\"apbct__label_id__wp_contact_form_7\"\n                    type=\"text\" size=\"30\" maxlength=\"200\" autocomplete=\"off\"\n                    value=\"\"\n                \/><\/p>\n<div class=\"wpcf7-response-output\" aria-hidden=\"true\"><\/div>\n<\/form>\n<\/div>\n<\/div>\n<\/div><\/div><\/div><\/div><div id=\"pg-3844-1\"  class=\"panel-grid panel-no-style\" ><div id=\"pgc-3844-1-0\"  class=\"panel-grid-cell\" ><div id=\"panel-3844-1-0-0\" class=\"so-panel widget widget_sow-headline panel-first-child panel-last-child\" data-index=\"3\" ><div\n\t\t\t\n\t\t\tclass=\"so-widget-sow-headline so-widget-sow-headline-default-936ad1910e84-3844\"\n\t\t\t\n\t\t><div class=\"sow-headline-container \">\n\t\t\t\t\t\t\t<h1 class=\"sow-headline\">\n\t\t\t\t\t\tContact\t\t\t\t\t\t<\/h1>\n\t\t\t\t\t\t<\/div>\n<\/div><\/div><\/div><\/div><div id=\"pg-3844-2\"  class=\"panel-grid panel-no-style\" ><div id=\"pgc-3844-2-0\"  class=\"panel-grid-cell\" ><div id=\"panel-3844-2-0-0\" class=\"so-panel widget widget_sow-headline panel-first-child\" data-index=\"4\" ><div\n\t\t\t\n\t\t\tclass=\"so-widget-sow-headline so-widget-sow-headline-default-98a00a134b78-3844\"\n\t\t\t\n\t\t><div class=\"sow-headline-container \">\n\t\t\t\t\t\t\t<h3 class=\"sow-headline\">\n\t\t\t\t\t\tBelling aux Pays-Bas\t\t\t\t\t\t<\/h3>\n\t\t\t\t\t\t<\/div>\n<\/div><\/div><div id=\"panel-3844-2-0-1\" class=\"widget_text so-panel widget widget_custom_html\" data-index=\"5\" ><div class=\"textwidget custom-html-widget\"><iframe src=\"https:\/\/www.google.com\/maps\/embed?pb=!1m18!1m12!1m3!1d13591.657153331484!2d5.921752517112264!3d52.97202260808559!2m3!1f0!2f0!3f0!3m2!1i1024!2i768!4f13.1!3m3!1m2!1s0x47c85eb8079a06ab%3A0x2eeba891addf5faa!2sDe%20Kavels%2C%20Saturnus%208%2C%208448%20CC%20Heerenveen!5e0!3m2!1snl!2snl!4v1751720859191!5m2!1snl!2snl\" width=\"600\" height=\"450\" style=\"border:0;\" allowfullscreen=\"\" loading=\"lazy\" referrerpolicy=\"no-referrer-when-downgrade\"><\/iframe><\/div><\/div><div id=\"panel-3844-2-0-2\" class=\"so-panel widget widget_sow-editor panel-last-child\" data-index=\"6\" ><div\n\t\t\t\n\t\t\tclass=\"so-widget-sow-editor so-widget-sow-editor-base\"\n\t\t\t\n\t\t>\n<div class=\"siteorigin-widget-tinymce textwidget\">\n\t<p><strong>Adresse physique :<\/strong><\/p>\n<p>Saturnus 8<br \/>\n8448 CC Heerenveen<\/p>\n<p>Le showroom est ferm\u00e9 jusqu\u2019\u00e0 nouvel ordre.<\/p>\n<p><strong>Adresse postale :<\/strong><\/p>\n<p>Postbus 219<br \/>\n8440 AE Heerenveen<\/p>\n<p>t +31(0)513 656500<br \/>\nf +31(0)513 656501<br \/>\nm\u00a0<a class=\"link\" title=\"mail \u00e0 info@belling.nl\" href=\"mailto:info@belling.nl\">info@belling.eu<\/a><\/p>\n<p>E-mail du service technique : glendimplex@fulfilcenter.nl<br \/>\nTel. du service technique: +31 (0) 78 890 65 00<\/p>\n<\/div>\n<\/div><\/div><\/div><div id=\"pgc-3844-2-1\"  class=\"panel-grid-cell\" ><div id=\"panel-3844-2-1-0\" class=\"so-panel widget widget_sow-headline panel-first-child\" data-index=\"7\" ><div\n\t\t\t\n\t\t\tclass=\"so-widget-sow-headline so-widget-sow-headline-default-98a00a134b78-3844\"\n\t\t\t\n\t\t><div class=\"sow-headline-container \">\n\t\t\t\t\t\t\t<h3 class=\"sow-headline\">\n\t\t\t\t\t\tBelling en Belgique\t\t\t\t\t\t<\/h3>\n\t\t\t\t\t\t<\/div>\n<\/div><\/div><div id=\"panel-3844-2-1-1\" class=\"widget_text so-panel widget widget_custom_html\" data-index=\"8\" ><div class=\"textwidget custom-html-widget\"><iframe src=\"https:\/\/www.google.com\/maps\/embed?pb=!1m18!1m12!1m3!1d3440.3150425073727!2d3.880940413548079!3d51.0062513060146!2m3!1f0!2f0!3f0!3m2!1i1024!2i768!4f13.1!3m3!1m2!1s0x47c39ef5dc741c6d%3A0xf98c9257ec966b3e!2sFlorimond%20Leirensstraat%2023%2C%209230%20Wetteren%2C%20Belgi%C3%AB!5e0!3m2!1snl!2snl!4v1752072198790!5m2!1snl!2snl\" width=\"600\" height=\"450\" style=\"border:0;\" allowfullscreen=\"\" loading=\"lazy\" referrerpolicy=\"no-referrer-when-downgrade\"><\/iframe><\/div><\/div><div id=\"panel-3844-2-1-2\" class=\"so-panel widget widget_sow-editor panel-last-child\" data-index=\"9\" ><div\n\t\t\t\n\t\t\tclass=\"so-widget-sow-editor so-widget-sow-editor-base\"\n\t\t\t\n\t\t>\n<div class=\"siteorigin-widget-tinymce textwidget\">\n\t<p><strong>Adresse et adresse postale :<\/strong><\/p>\n<p>Florimond Leirensstraat 23<br \/>\nB-9230 Wetteren<\/p>\n<p>Le showroom est ouvert sur rendez-vous au lundi au vendredi.<br \/>\nVous pouvez appeler le num\u00e9ro de t\u00e9l\u00e9phone ci-dessous pour prendre rendez-vous.<\/p>\n<p>t +32(0)9 210 02 10<br \/>\nf +32(0)9 210 02 12<br \/>\nm\u00a0<a class=\"link\" title=\"mail \u00e0 info@belling.be\" href=\"mailto:info@belling.nl\">info@belling.eu<\/a><\/p>\n<p>E-mail du service technique : glendimplex@fulfilcenter.nl<br \/>\nTel. du service technique: +31 (0) 78 890 65 00<\/p>\n<\/div>\n<\/div><\/div><\/div><\/div><\/div>","protected":false},"excerpt":{"rendered":"<p>Notre showroom a \u00e9t\u00e9 enti\u00e8rement r\u00e9nov\u00e9 et est plus beau que jamais ! Vous pourrez y d\u00e9couvrir un vaste \u00e9chantillon de notre catalogue. Curieux de voir \u00e7a ? En raison de la pand\u00e9mie de COVID-19, notre showroom est accessible les lundis, mardis et jeudis sur rendez-vous uniquement. Nous sommes \u00e9galement ouverts samedi 12 d\u00e9cembre, de [&hellip;]<\/p>\n","protected":false},"author":8,"featured_media":0,"parent":3643,"menu_order":0,"comment_status":"closed","ping_status":"closed","template":"","meta":{"_acf_changed":false,"footnotes":""},"class_list":["post-3844","page","type-page","status-publish","hentry"],"acf":[],"yoast_head":"<!-- This site is optimized with the Yoast SEO plugin v27.4 - https:\/\/yoast.com\/product\/yoast-seo-wordpress\/ -->\n<title>Contact opnemen met Belling<\/title>\n<meta name=\"description\" content=\"Belling BV, Saturnus 8, 8448 CC Heerenveen, 0513 656 500.\" \/>\n<meta name=\"robots\" content=\"index, follow, max-snippet:-1, max-image-preview:large, max-video-preview:-1\" \/>\n<link rel=\"canonical\" href=\"https:\/\/belling.eu\/fr\/service-clients\/contact\/\" \/>\n<meta property=\"og:locale\" content=\"fr_FR\" \/>\n<meta property=\"og:type\" content=\"article\" \/>\n<meta property=\"og:title\" content=\"Contact opnemen met Belling\" \/>\n<meta property=\"og:description\" content=\"Belling BV, Saturnus 8, 8448 CC Heerenveen, 0513 656 500.\" \/>\n<meta property=\"og:url\" content=\"https:\/\/belling.eu\/fr\/service-clients\/contact\/\" \/>\n<meta property=\"og:site_name\" content=\"Belling\" \/>\n<meta property=\"article:modified_time\" content=\"2025-07-09T14:44:51+00:00\" \/>\n<meta name=\"twitter:card\" content=\"summary_large_image\" \/>\n<meta name=\"twitter:label1\" content=\"Dur\u00e9e de lecture estim\u00e9e\" \/>\n\t<meta name=\"twitter:data1\" content=\"2 minutes\" \/>\n<script type=\"application\/ld+json\" class=\"yoast-schema-graph\">{\"@context\":\"https:\\\/\\\/schema.org\",\"@graph\":[{\"@type\":\"WebPage\",\"@id\":\"https:\\\/\\\/belling.eu\\\/fr\\\/service-clients\\\/contact\\\/\",\"url\":\"https:\\\/\\\/belling.eu\\\/fr\\\/service-clients\\\/contact\\\/\",\"name\":\"Contact opnemen met Belling\",\"isPartOf\":{\"@id\":\"https:\\\/\\\/belling.eu\\\/#website\"},\"datePublished\":\"2017-01-12T14:36:14+00:00\",\"dateModified\":\"2025-07-09T14:44:51+00:00\",\"description\":\"Belling BV, Saturnus 8, 8448 CC Heerenveen, 0513 656 500.\",\"breadcrumb\":{\"@id\":\"https:\\\/\\\/belling.eu\\\/fr\\\/service-clients\\\/contact\\\/#breadcrumb\"},\"inLanguage\":\"fr-FR\",\"potentialAction\":[{\"@type\":\"ReadAction\",\"target\":[\"https:\\\/\\\/belling.eu\\\/fr\\\/service-clients\\\/contact\\\/\"]}]},{\"@type\":\"BreadcrumbList\",\"@id\":\"https:\\\/\\\/belling.eu\\\/fr\\\/service-clients\\\/contact\\\/#breadcrumb\",\"itemListElement\":[{\"@type\":\"ListItem\",\"position\":1,\"name\":\"Home\",\"item\":\"https:\\\/\\\/belling.eu\\\/fr\\\/\"},{\"@type\":\"ListItem\",\"position\":2,\"name\":\"Service Clients\",\"item\":\"https:\\\/\\\/belling.eu\\\/fr\\\/service-clients\\\/\"},{\"@type\":\"ListItem\",\"position\":3,\"name\":\"Contact\"}]},{\"@type\":\"WebSite\",\"@id\":\"https:\\\/\\\/belling.eu\\\/#website\",\"url\":\"https:\\\/\\\/belling.eu\\\/\",\"name\":\"Belling\",\"description\":\"\",\"potentialAction\":[{\"@type\":\"SearchAction\",\"target\":{\"@type\":\"EntryPoint\",\"urlTemplate\":\"https:\\\/\\\/belling.eu\\\/?s={search_term_string}\"},\"query-input\":{\"@type\":\"PropertyValueSpecification\",\"valueRequired\":true,\"valueName\":\"search_term_string\"}}],\"inLanguage\":\"fr-FR\"}]}<\/script>\n<!-- \/ Yoast SEO plugin. -->","yoast_head_json":{"title":"Contact opnemen met Belling","description":"Belling BV, Saturnus 8, 8448 CC Heerenveen, 0513 656 500.","robots":{"index":"index","follow":"follow","max-snippet":"max-snippet:-1","max-image-preview":"max-image-preview:large","max-video-preview":"max-video-preview:-1"},"canonical":"https:\/\/belling.eu\/fr\/service-clients\/contact\/","og_locale":"fr_FR","og_type":"article","og_title":"Contact opnemen met Belling","og_description":"Belling BV, Saturnus 8, 8448 CC Heerenveen, 0513 656 500.","og_url":"https:\/\/belling.eu\/fr\/service-clients\/contact\/","og_site_name":"Belling","article_modified_time":"2025-07-09T14:44:51+00:00","twitter_card":"summary_large_image","twitter_misc":{"Dur\u00e9e de lecture estim\u00e9e":"2 minutes"},"schema":{"@context":"https:\/\/schema.org","@graph":[{"@type":"WebPage","@id":"https:\/\/belling.eu\/fr\/service-clients\/contact\/","url":"https:\/\/belling.eu\/fr\/service-clients\/contact\/","name":"Contact opnemen met Belling","isPartOf":{"@id":"https:\/\/belling.eu\/#website"},"datePublished":"2017-01-12T14:36:14+00:00","dateModified":"2025-07-09T14:44:51+00:00","description":"Belling BV, Saturnus 8, 8448 CC Heerenveen, 0513 656 500.","breadcrumb":{"@id":"https:\/\/belling.eu\/fr\/service-clients\/contact\/#breadcrumb"},"inLanguage":"fr-FR","potentialAction":[{"@type":"ReadAction","target":["https:\/\/belling.eu\/fr\/service-clients\/contact\/"]}]},{"@type":"BreadcrumbList","@id":"https:\/\/belling.eu\/fr\/service-clients\/contact\/#breadcrumb","itemListElement":[{"@type":"ListItem","position":1,"name":"Home","item":"https:\/\/belling.eu\/fr\/"},{"@type":"ListItem","position":2,"name":"Service Clients","item":"https:\/\/belling.eu\/fr\/service-clients\/"},{"@type":"ListItem","position":3,"name":"Contact"}]},{"@type":"WebSite","@id":"https:\/\/belling.eu\/#website","url":"https:\/\/belling.eu\/","name":"Belling","description":"","potentialAction":[{"@type":"SearchAction","target":{"@type":"EntryPoint","urlTemplate":"https:\/\/belling.eu\/?s={search_term_string}"},"query-input":{"@type":"PropertyValueSpecification","valueRequired":true,"valueName":"search_term_string"}}],"inLanguage":"fr-FR"}]}},"_links":{"self":[{"href":"https:\/\/belling.eu\/fr\/wp-json\/wp\/v2\/pages\/3844","targetHints":{"allow":["GET"]}}],"collection":[{"href":"https:\/\/belling.eu\/fr\/wp-json\/wp\/v2\/pages"}],"about":[{"href":"https:\/\/belling.eu\/fr\/wp-json\/wp\/v2\/types\/page"}],"author":[{"embeddable":true,"href":"https:\/\/belling.eu\/fr\/wp-json\/wp\/v2\/users\/8"}],"replies":[{"embeddable":true,"href":"https:\/\/belling.eu\/fr\/wp-json\/wp\/v2\/comments?post=3844"}],"version-history":[{"count":0,"href":"https:\/\/belling.eu\/fr\/wp-json\/wp\/v2\/pages\/3844\/revisions"}],"up":[{"embeddable":true,"href":"https:\/\/belling.eu\/fr\/wp-json\/wp\/v2\/pages\/3643"}],"wp:attachment":[{"href":"https:\/\/belling.eu\/fr\/wp-json\/wp\/v2\/media?parent=3844"}],"curies":[{"name":"wp","href":"https:\/\/api.w.org\/{rel}","templated":true}]}}