{"id":3839,"date":"2020-10-21T11:55:48","date_gmt":"2020-10-21T09:55:48","guid":{"rendered":"https:\/\/belling.eu\/?page_id=3839"},"modified":"2025-07-09T15:10:08","modified_gmt":"2025-07-09T13:10:08","slug":"modes-demploi","status":"publish","type":"page","link":"https:\/\/belling.eu\/fr\/service-clients\/modes-demploi\/","title":{"rendered":"Modes d\u2019emploi"},"content":{"rendered":"<div id=\"pl-3839\"  class=\"panel-layout\" ><div id=\"pg-3839-0\"  class=\"panel-grid panel-no-style\" ><div id=\"pgc-3839-0-0\"  class=\"panel-grid-cell\" ><div id=\"panel-3839-0-0-0\" class=\"so-panel widget widget_sow-headline panel-first-child panel-last-child\" data-index=\"0\" ><div\n\t\t\t\n\t\t\tclass=\"so-widget-sow-headline so-widget-sow-headline-default-936ad1910e84-3839\"\n\t\t\t\n\t\t><div class=\"sow-headline-container \">\n\t\t\t\t\t\t\t<h1 class=\"sow-headline\">\n\t\t\t\t\t\tModes d'emploi\t\t\t\t\t\t<\/h1>\n\t\t\t\t\t\t<\/div>\n<\/div><\/div><\/div><\/div><div id=\"pg-3839-1\"  class=\"panel-grid panel-no-style\" ><div id=\"pgc-3839-1-0\"  class=\"panel-grid-cell\" ><div id=\"panel-3839-1-0-0\" class=\"so-panel widget widget_sow-headline panel-first-child\" data-index=\"1\" ><div\n\t\t\t\n\t\t\tclass=\"so-widget-sow-headline so-widget-sow-headline-default-98a00a134b78-3839\"\n\t\t\t\n\t\t><div class=\"sow-headline-container \">\n\t\t\t\t\t\t\t<h3 class=\"sow-headline\">\n\t\t\t\t\t\tCuisini\u00e8res\t\t\t\t\t\t<\/h3>\n\t\t\t\t\t\t<\/div>\n<\/div><\/div><div id=\"panel-3839-1-0-1\" class=\"so-panel widget widget_sow-editor panel-last-child\" data-index=\"2\" ><div\n\t\t\t\n\t\t\tclass=\"so-widget-sow-editor so-widget-sow-editor-base\"\n\t\t\t\n\t\t>\n<div class=\"siteorigin-widget-tinymce textwidget\">\n\t<p><strong>Mode d\u2019emploi des types 90, 100 et 110 DFT<\/strong><br \/>\nPour les mod\u00e8les : Belling Farmhouse et Belling Kensington.<\/p>\n<ul>\n<li><a href=\"https:\/\/belling.eu\/wp-content\/uploads\/2017\/05\/handleding-belling-90-100-110-dft-modellen-nl-fr-de-083547601.pdf\" target=\"_blank\" rel=\"noopener noreferrer\">T\u00e9l\u00e9charger le mode d'emploi<\/a><\/li>\n<\/ul>\n<p><strong>Modes d\u2019emploi des types 90 Ei<\/strong><br \/>\nPour les mod\u00e8les : Belling Cookcentre, Belling Farmhouse et Belling Kensington.<\/p>\n<ul>\n<li><a href=\"https:\/\/belling.eu\/wp-content\/uploads\/2017\/05\/quickstart-belling-900-ei-nl-fr-de-083547300.pdf\" target=\"_blank\" rel=\"noopener noreferrer\">T\u00e9l\u00e9charger le guide de d\u00e9marrage rapide<\/a><\/li>\n<li><a href=\"https:\/\/belling.eu\/wp-content\/uploads\/2017\/05\/handleiding-belling-900-ei-nl-fr-de-modellen-083547800.pdf\" target=\"_blank\" rel=\"noopener noreferrer\">T\u00e9l\u00e9charger le mode d'emploi<\/a><\/li>\n<li><a href=\"https:\/\/belling.eu\/wp-content\/uploads\/2017\/05\/installatie-handbook-900-100-110-ei-nl-fr-de-modellen-083569100.pdf\" target=\"_blank\" rel=\"noopener noreferrer\">T\u00e9l\u00e9charger les consignes d'installation<\/a><\/li>\n<\/ul>\n<p><strong>Modes d\u2019emploi des types 100 et 110 Ei<\/strong><br \/>\nPour les mod\u00e8les : Belling Cookcentre, Belling Farmhouse et Belling Kensington.<\/p>\n<ul>\n<li><a href=\"https:\/\/belling.eu\/wp-content\/uploads\/2017\/05\/handleiding-belling-100-110-ei-modellen-nl-fr-de-083547900.pdf\" target=\"_blank\" rel=\"noopener noreferrer\">T\u00e9l\u00e9charger le mode d'emploi<\/a><\/li>\n<li><a href=\"https:\/\/belling.eu\/wp-content\/uploads\/2017\/05\/installatie-handbook-900-100-110-ei-nl-fr-de-modellen-083569100.pdf\" target=\"_blank\" rel=\"noopener noreferrer\">T\u00e9l\u00e9charger les consignes d'installation<\/a><\/li>\n<\/ul>\n<p><strong>Modes d\u2019emploi des types SE et SER<\/strong><\/p>\n<ul>\n<li><a href=\"https:\/\/belling.eu\/wp-content\/uploads\/2019\/03\/se-ser90.pdf\">T\u00e9l\u00e9charger le mode d'emploi<\/a><\/li>\n<\/ul>\n<p><strong>Modes d\u2019emploi des types SC et SCR<\/strong><\/p>\n<ul>\n<li><strong><a href=\"https:\/\/belling.eu\/wp-content\/uploads\/2019\/03\/sc-scr900.pdf\">T\u00e9l\u00e9charger le mode d'emploi<\/a><\/strong><\/li>\n<\/ul>\n<p><strong>Autres modes d\u2019emploi<\/strong><\/p>\n<ul>\n<li><a href=\"https:\/\/belling.eu\/wp-content\/uploads\/2019\/03\/belling-inductie-aansluiting.pdf\">Raccordement induction Belling<\/a><\/li>\n<li><a href=\"https:\/\/belling.eu\/wp-content\/uploads\/2019\/03\/beknopte-handleiding-belling-farmhouse-900-dft.pdf\">Mode d\u2019emploi abr\u00e9g\u00e9 Belling Farmhouse 900 DFT<\/a><\/li>\n<li><a href=\"https:\/\/belling.eu\/wp-content\/uploads\/2019\/03\/beknopte-handleiding-belling-farmhouse-10000-1100dft.pdf\">Mode d\u2019emploi abr\u00e9g\u00e9 Belling Farmhouse 1000 et 1100 DFT<\/a><\/li>\n<li><a href=\"https:\/\/belling.eu\/wp-content\/uploads\/2017\/01\/belling-classic-900-el-verkort.pdf\">Belling Classic 900 EI_verkort.pdf<\/a><\/li>\n<\/ul>\n<\/div>\n<\/div><\/div><\/div><div id=\"pgc-3839-1-1\"  class=\"panel-grid-cell\" ><div id=\"panel-3839-1-1-0\" class=\"so-panel widget widget_sow-headline panel-first-child\" data-index=\"3\" ><div\n\t\t\t\n\t\t\tclass=\"so-widget-sow-headline so-widget-sow-headline-default-98a00a134b78-3839\"\n\t\t\t\n\t\t><div class=\"sow-headline-container \">\n\t\t\t\t\t\t\t<h3 class=\"sow-headline\">\n\t\t\t\t\t\tHottes Aspirantes\t\t\t\t\t\t<\/h3>\n\t\t\t\t\t\t<\/div>\n<\/div><\/div><div id=\"panel-3839-1-1-1\" class=\"so-panel widget widget_sow-editor panel-last-child\" data-index=\"4\" ><div\n\t\t\t\n\t\t\tclass=\"so-widget-sow-editor so-widget-sow-editor-base\"\n\t\t\t\n\t\t>\n<div class=\"siteorigin-widget-tinymce textwidget\">\n\t<p><strong>Mode d\u2019emploi des types 90, 100 et 110<\/strong><br \/>\nPour les mod\u00e8les : Bel Farmhouse CHIM et Cookcentre Flat.<\/p>\n<ul>\n<li><a href=\"https:\/\/belling.eu\/wp-content\/uploads\/2019\/02\/bel-farmhouse-chim-en-cookcentre-flat-pdf-3.pdf\" target=\"_blank\" rel=\"noopener noreferrer\">T\u00e9l\u00e9charger le mode d'emploi<\/a><\/li>\n<\/ul>\n<p><strong>\u00a0Minuteries:<\/strong><\/p>\n<ul>\n<li><a href=\"https:\/\/belling.eu\/wp-content\/uploads\/2017\/01\/5-knops-digitale-timer-handleiding-nl.pdf\">Mode d'emploi minuterie num\u00e9rique 5 touches \u2013 FR<\/a><\/li>\n<li><a href=\"https:\/\/belling.eu\/wp-content\/uploads\/2017\/01\/3-knops-led-timer-handleiding-nl.pdf\">Mode d'emploi minuterie num\u00e9rique 3 touches \u2013 FR<\/a><\/li>\n<\/ul>\n<\/div>\n<\/div><\/div><\/div><\/div><\/div>","protected":false},"excerpt":{"rendered":"<p>Mode d\u2019emploi des types 90, 100 et 110 DFT Pour les mod\u00e8les : Belling Farmhouse et Belling Kensington. T\u00e9l\u00e9charger le mode d&#8217;emploi Modes d\u2019emploi des types 90 Ei Pour les mod\u00e8les : Belling Cookcentre, Belling Farmhouse et Belling Kensington. T\u00e9l\u00e9charger le guide de d\u00e9marrage rapide T\u00e9l\u00e9charger le mode d&#8217;emploi T\u00e9l\u00e9charger les consignes d&rsquo;installation Modes d\u2019emploi [&hellip;]<\/p>\n","protected":false},"author":8,"featured_media":0,"parent":3643,"menu_order":0,"comment_status":"closed","ping_status":"closed","template":"","meta":{"_acf_changed":false,"footnotes":""},"class_list":["post-3839","page","type-page","status-publish","hentry"],"acf":[],"yoast_head":"<!-- This site is optimized with the Yoast SEO plugin v27.3 - https:\/\/yoast.com\/product\/yoast-seo-wordpress\/ -->\n<title>Modes d\u2019emploi - Belling<\/title>\n<meta name=\"description\" content=\"Download hier al onze handleidingen.\" \/>\n<meta name=\"robots\" content=\"index, follow, max-snippet:-1, max-image-preview:large, max-video-preview:-1\" \/>\n<link rel=\"canonical\" href=\"https:\/\/belling.eu\/fr\/service-clients\/modes-demploi\/\" \/>\n<meta property=\"og:locale\" content=\"fr_FR\" \/>\n<meta property=\"og:type\" content=\"article\" \/>\n<meta property=\"og:title\" content=\"Modes d\u2019emploi - Belling\" \/>\n<meta property=\"og:description\" content=\"Download hier al onze handleidingen.\" \/>\n<meta property=\"og:url\" content=\"https:\/\/belling.eu\/fr\/service-clients\/modes-demploi\/\" \/>\n<meta property=\"og:site_name\" content=\"Belling\" \/>\n<meta property=\"article:modified_time\" content=\"2025-07-09T13:10:08+00:00\" \/>\n<meta name=\"twitter:card\" content=\"summary_large_image\" \/>\n<meta name=\"twitter:label1\" content=\"Dur\u00e9e de lecture estim\u00e9e\" \/>\n\t<meta name=\"twitter:data1\" content=\"1 minute\" \/>\n<script type=\"application\/ld+json\" class=\"yoast-schema-graph\">{\"@context\":\"https:\\\/\\\/schema.org\",\"@graph\":[{\"@type\":\"WebPage\",\"@id\":\"https:\\\/\\\/belling.eu\\\/fr\\\/service-clients\\\/modes-demploi\\\/\",\"url\":\"https:\\\/\\\/belling.eu\\\/fr\\\/service-clients\\\/modes-demploi\\\/\",\"name\":\"Modes d\u2019emploi - Belling\",\"isPartOf\":{\"@id\":\"https:\\\/\\\/belling.eu\\\/#website\"},\"datePublished\":\"2020-10-21T09:55:48+00:00\",\"dateModified\":\"2025-07-09T13:10:08+00:00\",\"description\":\"Download hier al onze handleidingen.\",\"breadcrumb\":{\"@id\":\"https:\\\/\\\/belling.eu\\\/fr\\\/service-clients\\\/modes-demploi\\\/#breadcrumb\"},\"inLanguage\":\"fr-FR\",\"potentialAction\":[{\"@type\":\"ReadAction\",\"target\":[\"https:\\\/\\\/belling.eu\\\/fr\\\/service-clients\\\/modes-demploi\\\/\"]}]},{\"@type\":\"BreadcrumbList\",\"@id\":\"https:\\\/\\\/belling.eu\\\/fr\\\/service-clients\\\/modes-demploi\\\/#breadcrumb\",\"itemListElement\":[{\"@type\":\"ListItem\",\"position\":1,\"name\":\"Home\",\"item\":\"https:\\\/\\\/belling.eu\\\/fr\\\/\"},{\"@type\":\"ListItem\",\"position\":2,\"name\":\"Service Clients\",\"item\":\"https:\\\/\\\/belling.eu\\\/fr\\\/service-clients\\\/\"},{\"@type\":\"ListItem\",\"position\":3,\"name\":\"Modes d\u2019emploi\"}]},{\"@type\":\"WebSite\",\"@id\":\"https:\\\/\\\/belling.eu\\\/#website\",\"url\":\"https:\\\/\\\/belling.eu\\\/\",\"name\":\"Belling\",\"description\":\"\",\"potentialAction\":[{\"@type\":\"SearchAction\",\"target\":{\"@type\":\"EntryPoint\",\"urlTemplate\":\"https:\\\/\\\/belling.eu\\\/?s={search_term_string}\"},\"query-input\":{\"@type\":\"PropertyValueSpecification\",\"valueRequired\":true,\"valueName\":\"search_term_string\"}}],\"inLanguage\":\"fr-FR\"}]}<\/script>\n<!-- \/ Yoast SEO plugin. -->","yoast_head_json":{"title":"Modes d\u2019emploi - Belling","description":"Download hier al onze handleidingen.","robots":{"index":"index","follow":"follow","max-snippet":"max-snippet:-1","max-image-preview":"max-image-preview:large","max-video-preview":"max-video-preview:-1"},"canonical":"https:\/\/belling.eu\/fr\/service-clients\/modes-demploi\/","og_locale":"fr_FR","og_type":"article","og_title":"Modes d\u2019emploi - Belling","og_description":"Download hier al onze handleidingen.","og_url":"https:\/\/belling.eu\/fr\/service-clients\/modes-demploi\/","og_site_name":"Belling","article_modified_time":"2025-07-09T13:10:08+00:00","twitter_card":"summary_large_image","twitter_misc":{"Dur\u00e9e de lecture estim\u00e9e":"1 minute"},"schema":{"@context":"https:\/\/schema.org","@graph":[{"@type":"WebPage","@id":"https:\/\/belling.eu\/fr\/service-clients\/modes-demploi\/","url":"https:\/\/belling.eu\/fr\/service-clients\/modes-demploi\/","name":"Modes d\u2019emploi - Belling","isPartOf":{"@id":"https:\/\/belling.eu\/#website"},"datePublished":"2020-10-21T09:55:48+00:00","dateModified":"2025-07-09T13:10:08+00:00","description":"Download hier al onze handleidingen.","breadcrumb":{"@id":"https:\/\/belling.eu\/fr\/service-clients\/modes-demploi\/#breadcrumb"},"inLanguage":"fr-FR","potentialAction":[{"@type":"ReadAction","target":["https:\/\/belling.eu\/fr\/service-clients\/modes-demploi\/"]}]},{"@type":"BreadcrumbList","@id":"https:\/\/belling.eu\/fr\/service-clients\/modes-demploi\/#breadcrumb","itemListElement":[{"@type":"ListItem","position":1,"name":"Home","item":"https:\/\/belling.eu\/fr\/"},{"@type":"ListItem","position":2,"name":"Service Clients","item":"https:\/\/belling.eu\/fr\/service-clients\/"},{"@type":"ListItem","position":3,"name":"Modes d\u2019emploi"}]},{"@type":"WebSite","@id":"https:\/\/belling.eu\/#website","url":"https:\/\/belling.eu\/","name":"Belling","description":"","potentialAction":[{"@type":"SearchAction","target":{"@type":"EntryPoint","urlTemplate":"https:\/\/belling.eu\/?s={search_term_string}"},"query-input":{"@type":"PropertyValueSpecification","valueRequired":true,"valueName":"search_term_string"}}],"inLanguage":"fr-FR"}]}},"_links":{"self":[{"href":"https:\/\/belling.eu\/fr\/wp-json\/wp\/v2\/pages\/3839","targetHints":{"allow":["GET"]}}],"collection":[{"href":"https:\/\/belling.eu\/fr\/wp-json\/wp\/v2\/pages"}],"about":[{"href":"https:\/\/belling.eu\/fr\/wp-json\/wp\/v2\/types\/page"}],"author":[{"embeddable":true,"href":"https:\/\/belling.eu\/fr\/wp-json\/wp\/v2\/users\/8"}],"replies":[{"embeddable":true,"href":"https:\/\/belling.eu\/fr\/wp-json\/wp\/v2\/comments?post=3839"}],"version-history":[{"count":0,"href":"https:\/\/belling.eu\/fr\/wp-json\/wp\/v2\/pages\/3839\/revisions"}],"up":[{"embeddable":true,"href":"https:\/\/belling.eu\/fr\/wp-json\/wp\/v2\/pages\/3643"}],"wp:attachment":[{"href":"https:\/\/belling.eu\/fr\/wp-json\/wp\/v2\/media?parent=3839"}],"curies":[{"name":"wp","href":"https:\/\/api.w.org\/{rel}","templated":true}]}}