{"id":3632,"date":"2020-09-16T14:47:39","date_gmt":"2020-09-16T12:47:39","guid":{"rendered":"https:\/\/belling.eu\/homepage\/"},"modified":"2025-09-24T22:34:19","modified_gmt":"2025-09-24T20:34:19","slug":"homepage","status":"publish","type":"page","link":"https:\/\/belling.eu\/fr\/","title":{"rendered":"Homepage"},"content":{"rendered":"<div id=\"pl-3632\"  class=\"panel-layout\" ><div id=\"pg-3632-0\"  class=\"panel-grid panel-has-style\" ><div class=\"siteorigin-panels-stretch panel-row-style panel-row-style-for-3632-0\" data-stretch-type=\"full-width-stretch\" ><div id=\"pgc-3632-0-0\"  class=\"panel-grid-cell\" ><div id=\"panel-3632-0-0-0\" class=\"so-panel widget widget_sow-layout-slider panel-first-child panel-last-child\" data-index=\"0\" ><div\n\t\t\t\n\t\t\tclass=\"so-widget-sow-layout-slider so-widget-sow-layout-slider-default-88b6f25b9af6-3632\"\n\t\t\t\n\t\t>\t\t\t\t<div class=\"sow-slider-base\" style=\"display: none\" tabindex=\"0\">\n\t\t\t\t\t<ul\n\t\t\t\t\tclass=\"sow-slider-images\"\n\t\t\t\t\tdata-settings=\"{&quot;pagination&quot;:true,&quot;speed&quot;:400,&quot;timeout&quot;:8000,&quot;paused&quot;:false,&quot;pause_on_hover&quot;:false,&quot;swipe&quot;:true,&quot;nav_always_show_desktop&quot;:&quot;&quot;,&quot;nav_always_show_mobile&quot;:&quot;&quot;,&quot;breakpoint&quot;:&quot;780px&quot;,&quot;unmute&quot;:false,&quot;anchor&quot;:null}\"\n\t\t\t\t\t\t\t\t\t\tdata-anchor-id=\"\"\n\t\t\t\t>\t\t<li class=\"sow-slider-image  sow-slider-image-cover\" style=\"visibility: visible;;background-color: #333333;background-image: url(https:\/\/belling.eu\/wp-content\/uploads\/2019\/02\/slide-home2_-glen-dimplex-benelux.jpg)\" >\n\t\t\t\t\t<div class=\"sow-slider-image-container\">\n\t\t\t<div class=\"sow-slider-image-wrapper\">\n\t\t\t\t<div id=\"pl-w7b6441d8\"  class=\"panel-layout\" ><div id=\"pg-w7b6441d8-0\"  class=\"panel-grid panel-no-style\" ><div id=\"pgc-w7b6441d8-0-0\"  class=\"panel-grid-cell\" ><div id=\"panel-w7b6441d8-0-0-0\" class=\"so-panel widget widget_sow-headline panel-first-child\" data-index=\"0\" ><div class=\"animate-69f2f7691656b157135338 panels-animation-hide panel-widget-style panel-widget-style-for-w7b6441d8-0-0-0\" data-so-animation=\"{&quot;selector&quot;:&quot;.animate-69f2f7691656b157135338&quot;,&quot;animation&quot;:&quot;fadeInUp&quot;,&quot;breakpoint&quot;:&quot;780px&quot;,&quot;duration&quot;:1,&quot;repeat&quot;:0,&quot;hide&quot;:1,&quot;disableAnimationMobile&quot;:0,&quot;finalState&quot;:&quot;visible&quot;,&quot;delay&quot;:0,&quot;debounce&quot;:0.1,&quot;event&quot;:&quot;slide_display&quot;,&quot;offset&quot;:0,&quot;animation_type_slide_out&quot;:&quot;&quot;}\" ><div\n\t\t\t\n\t\t\tclass=\"so-widget-sow-headline so-widget-sow-headline-default-58e079447d2a\"\n\t\t\t\n\t\t><div class=\"sow-headline-container \">\n\t\t\t\t\t\t\t<h2 class=\"sow-headline\">\n\t\t\t\t\t\tFull of Flavour\t\t\t\t\t\t<\/h2>\n\t\t\t\t\t\t<\/div>\n<\/div><\/div><\/div><div id=\"panel-w7b6441d8-0-0-1\" class=\"so-panel widget widget_sow-headline\" data-index=\"1\" ><div class=\"animate-69f2f769167b4252708090 panels-animation-hide panel-widget-style panel-widget-style-for-w7b6441d8-0-0-1\" data-so-animation=\"{&quot;selector&quot;:&quot;.animate-69f2f769167b4252708090&quot;,&quot;animation&quot;:&quot;fadeInUp&quot;,&quot;breakpoint&quot;:&quot;780px&quot;,&quot;duration&quot;:1,&quot;repeat&quot;:0,&quot;hide&quot;:1,&quot;disableAnimationMobile&quot;:0,&quot;finalState&quot;:&quot;visible&quot;,&quot;delay&quot;:0.2,&quot;debounce&quot;:0.1,&quot;event&quot;:&quot;slide_display&quot;,&quot;offset&quot;:0,&quot;animation_type_slide_out&quot;:&quot;&quot;}\" ><div\n\t\t\t\n\t\t\tclass=\"so-widget-sow-headline so-widget-sow-headline-default-1d7bc0221484\"\n\t\t\t\n\t\t><div class=\"sow-headline-container \">\n\t\t\t\t\t\t\t<h3 class=\"sow-headline\">\n\t\t\t\t\t\tCuisini\u00e8res \u00e0 induction et \u00e0 gaz\t\t\t\t\t\t<\/h3>\n\t\t\t\t\t\t<\/div>\n<\/div><\/div><\/div><div id=\"panel-w7b6441d8-0-0-2\" class=\"so-panel widget widget_sow-button panel-last-child\" data-index=\"2\" ><div class=\"animate-69f2f769168c5927298992 panels-animation-hide panel-widget-style panel-widget-style-for-w7b6441d8-0-0-2\" data-so-animation=\"{&quot;selector&quot;:&quot;.animate-69f2f769168c5927298992&quot;,&quot;animation&quot;:&quot;fadeInUp&quot;,&quot;breakpoint&quot;:&quot;780px&quot;,&quot;duration&quot;:1,&quot;repeat&quot;:0,&quot;hide&quot;:1,&quot;disableAnimationMobile&quot;:0,&quot;finalState&quot;:&quot;visible&quot;,&quot;delay&quot;:0.4,&quot;debounce&quot;:0.1,&quot;event&quot;:&quot;slide_display&quot;,&quot;offset&quot;:0,&quot;animation_type_slide_out&quot;:&quot;&quot;}\" ><div\n\t\t\t\n\t\t\tclass=\"so-widget-sow-button so-widget-sow-button-flat-f6909816c01a\"\n\t\t\t\n\t\t><div class=\"ow-button-base ow-button-align-center\"\n>\n\t\t\t<a\n\t\t\t\t\thref=\"https:\/\/belling.eu\/producten\/fornuizen\/\"\n\t\t\t\t\tclass=\"sowb-button ow-icon-placement-left\" \t>\n\t\t<span>\n\t\t\t\n\t\t\tcuisinieres\t\t<\/span>\n\t\t\t<\/a>\n\t<\/div>\n<\/div><\/div><\/div><\/div><\/div><\/div>\t\t\t<\/div>\n\t\t<\/div>\n\t\t\t\t<\/li>\n\t\t\t\t<li class=\"sow-slider-image  sow-slider-image-cover\" style=\"visibility: hidden;;background-color: #333333\" data-background=\"url(https:\/\/belling.eu\/wp-content\/uploads\/2025\/09\/20250002_belling-website_header-vision_01-scaled.jpg)\" >\n\t\t\t\t\t<div class=\"sow-slider-image-container\">\n\t\t\t<div class=\"sow-slider-image-wrapper\">\n\t\t\t\t<div id=\"pl-w0a6e3d33\"  class=\"panel-layout\" ><div id=\"pg-w0a6e3d33-0\"  class=\"panel-grid panel-no-style\" ><div id=\"pgc-w0a6e3d33-0-0\"  class=\"panel-grid-cell\" ><div id=\"panel-w0a6e3d33-0-0-0\" class=\"so-panel widget widget_sow-headline panel-first-child\" data-index=\"0\" ><div class=\"animate-69f2f76916e63701564673 panels-animation-hide panel-widget-style panel-widget-style-for-w0a6e3d33-0-0-0\" data-so-animation=\"{&quot;selector&quot;:&quot;.animate-69f2f76916e63701564673&quot;,&quot;animation&quot;:&quot;fadeInUp&quot;,&quot;breakpoint&quot;:&quot;780px&quot;,&quot;duration&quot;:1,&quot;repeat&quot;:0,&quot;hide&quot;:1,&quot;disableAnimationMobile&quot;:0,&quot;finalState&quot;:&quot;visible&quot;,&quot;delay&quot;:0,&quot;debounce&quot;:0.1,&quot;event&quot;:&quot;slide_display&quot;,&quot;offset&quot;:0,&quot;animation_type_slide_out&quot;:&quot;&quot;}\" ><div\n\t\t\t\n\t\t\tclass=\"so-widget-sow-headline so-widget-sow-headline-default-58e079447d2a\"\n\t\t\t\n\t\t><div class=\"sow-headline-container \">\n\t\t\t\t\t\t\t<h2 class=\"sow-headline\">\n\t\t\t\t\t\tFull of Flavour\t\t\t\t\t\t<\/h2>\n\t\t\t\t\t\t<\/div>\n<\/div><\/div><\/div><div id=\"panel-w0a6e3d33-0-0-1\" class=\"so-panel widget widget_sow-headline\" data-index=\"1\" ><div class=\"animate-69f2f76916f50884942830 panels-animation-hide panel-widget-style panel-widget-style-for-w0a6e3d33-0-0-1\" data-so-animation=\"{&quot;selector&quot;:&quot;.animate-69f2f76916f50884942830&quot;,&quot;animation&quot;:&quot;fadeInUp&quot;,&quot;breakpoint&quot;:&quot;780px&quot;,&quot;duration&quot;:1,&quot;repeat&quot;:0,&quot;hide&quot;:1,&quot;disableAnimationMobile&quot;:0,&quot;finalState&quot;:&quot;visible&quot;,&quot;delay&quot;:0.2,&quot;debounce&quot;:0.1,&quot;event&quot;:&quot;slide_display&quot;,&quot;offset&quot;:0,&quot;animation_type_slide_out&quot;:&quot;&quot;}\" ><div\n\t\t\t\n\t\t\tclass=\"so-widget-sow-headline so-widget-sow-headline-default-1d7bc0221484\"\n\t\t\t\n\t\t><div class=\"sow-headline-container \">\n\t\t\t\t\t\t\t<h3 class=\"sow-headline\">\n\t\t\t\t\t\tCuisini\u00e8res \u00e0 induction et \u00e0 gaz\t\t\t\t\t\t<\/h3>\n\t\t\t\t\t\t<\/div>\n<\/div><\/div><\/div><div id=\"panel-w0a6e3d33-0-0-2\" class=\"so-panel widget widget_sow-button panel-last-child\" data-index=\"2\" ><div class=\"animate-69f2f7691701c820675258 panels-animation-hide panel-widget-style panel-widget-style-for-w0a6e3d33-0-0-2\" data-so-animation=\"{&quot;selector&quot;:&quot;.animate-69f2f7691701c820675258&quot;,&quot;animation&quot;:&quot;fadeInUp&quot;,&quot;breakpoint&quot;:&quot;780px&quot;,&quot;duration&quot;:1,&quot;repeat&quot;:0,&quot;hide&quot;:1,&quot;disableAnimationMobile&quot;:0,&quot;finalState&quot;:&quot;visible&quot;,&quot;delay&quot;:0.4,&quot;debounce&quot;:0.1,&quot;event&quot;:&quot;slide_display&quot;,&quot;offset&quot;:0,&quot;animation_type_slide_out&quot;:&quot;&quot;}\" ><div\n\t\t\t\n\t\t\tclass=\"so-widget-sow-button so-widget-sow-button-flat-f6909816c01a\"\n\t\t\t\n\t\t><div class=\"ow-button-base ow-button-align-center\"\n>\n\t\t\t<a\n\t\t\t\t\thref=\"https:\/\/belling.eu\/producten\/fornuizen\/\"\n\t\t\t\t\tclass=\"sowb-button ow-icon-placement-left ow-button-hover\" \t>\n\t\t<span>\n\t\t\t\n\t\t\tcuisinieres\t\t<\/span>\n\t\t\t<\/a>\n\t<\/div>\n<\/div><\/div><\/div><\/div><\/div><\/div>\t\t\t<\/div>\n\t\t<\/div>\n\t\t\t\t<\/li>\n\t\t<\/ul>\t\t\t\t<ol class=\"sow-slider-pagination\">\n\t\t\t\t\t\t\t\t\t\t\t<li><a href=\"#\" data-goto=\"0\" aria-label=\"Display slide 1\"><\/a><\/li>\n\t\t\t\t\t\t\t\t\t\t\t<li><a href=\"#\" data-goto=\"1\" aria-label=\"Display slide 2\"><\/a><\/li>\n\t\t\t\t\t\t\t\t\t<\/ol>\n\n\t\t\t\t<div class=\"sow-slide-nav sow-slide-nav-next\">\n\t\t\t\t\t<a href=\"#\" data-goto=\"next\" aria-label=\"Next slide\" data-action=\"next\">\n\t\t\t\t\t\t<em class=\"sow-sld-icon-thin-right\"><\/em>\n\t\t\t\t\t<\/a>\n\t\t\t\t<\/div>\n\n\t\t\t\t<div class=\"sow-slide-nav sow-slide-nav-prev\">\n\t\t\t\t\t<a href=\"#\" data-goto=\"previous\" aria-label=\"Previous slide\" data-action=\"prev\">\n\t\t\t\t\t\t<em class=\"sow-sld-icon-thin-left\"><\/em>\n\t\t\t\t\t<\/a>\n\t\t\t\t<\/div>\n\t\t\t\t<\/div><\/div><\/div><\/div><\/div><\/div><div id=\"pg-3632-1\"  class=\"panel-grid panel-no-style\" ><div id=\"pgc-3632-1-0\"  class=\"panel-grid-cell\" ><div id=\"panel-3632-1-0-0\" class=\"so-panel widget widget_sow-image panel-first-child\" data-index=\"1\" ><div\n\t\t\t\n\t\t\tclass=\"so-widget-sow-image so-widget-sow-image-default-8b5b6f678277-3632\"\n\t\t\t\n\t\t>\n<div class=\"sow-image-container\">\n\t\t<img \n\tsrc=\"https:\/\/belling.eu\/wp-content\/uploads\/2019\/03\/full-of-flavour.jpg\" width=\"250\" height=\"250\" srcset=\"https:\/\/belling.eu\/wp-content\/uploads\/2019\/03\/full-of-flavour.jpg 250w, https:\/\/belling.eu\/wp-content\/uploads\/2019\/03\/full-of-flavour-150x150.jpg 150w, https:\/\/belling.eu\/wp-content\/uploads\/2019\/03\/full-of-flavour-100x100.jpg 100w\" sizes=\"(max-width: 250px) 100vw, 250px\" alt=\"\" \t\tclass=\"so-widget-image\"\/>\n\t<\/div>\n\n<\/div><\/div><div id=\"panel-3632-1-0-1\" class=\"so-panel widget widget_sow-image panel-last-child\" data-index=\"2\" ><div\n\t\t\t\n\t\t\tclass=\"so-widget-sow-image so-widget-sow-image-default-8b5b6f678277-3632\"\n\t\t\t\n\t\t>\n<div class=\"sow-image-container\">\n\t\t\t<a href=\"https:\/\/belling.eu\/fr\/prouesses-technologiques\/\"\n\t\t\t\t\t>\n\t\t\t<img \n\tsrc=\"https:\/\/belling.eu\/wp-content\/uploads\/2020\/10\/glen-dimplex_beelden_vertaald_frans_v2_03-1.jpg\" width=\"250\" height=\"250\" srcset=\"https:\/\/belling.eu\/wp-content\/uploads\/2020\/10\/glen-dimplex_beelden_vertaald_frans_v2_03-1.jpg 250w, https:\/\/belling.eu\/wp-content\/uploads\/2020\/10\/glen-dimplex_beelden_vertaald_frans_v2_03-1-150x150.jpg 150w, https:\/\/belling.eu\/wp-content\/uploads\/2020\/10\/glen-dimplex_beelden_vertaald_frans_v2_03-1-100x100.jpg 100w\" sizes=\"(max-width: 250px) 100vw, 250px\" alt=\"\" \t\tclass=\"so-widget-image\"\/>\n\t\t\t<\/a><\/div>\n\n<\/div><\/div><\/div><div id=\"pgc-3632-1-1\"  class=\"panel-grid-cell\" ><div id=\"panel-3632-1-1-0\" class=\"so-panel widget widget_sow-image panel-first-child\" data-index=\"3\" ><div\n\t\t\t\n\t\t\tclass=\"so-widget-sow-image so-widget-sow-image-default-8b5b6f678277-3632\"\n\t\t\t\n\t\t>\n<div class=\"sow-image-container\">\n\t\t\t<a href=\"https:\/\/belling.eu\/fr\/producten\/cuisinieres\/\"\n\t\t\t\t\t>\n\t\t\t<img \n\tsrc=\"https:\/\/belling.eu\/wp-content\/uploads\/2020\/09\/glen-dimplex_beelden_vertaald_frans_02.jpg\" width=\"250\" height=\"250\" srcset=\"https:\/\/belling.eu\/wp-content\/uploads\/2020\/09\/glen-dimplex_beelden_vertaald_frans_02.jpg 250w, https:\/\/belling.eu\/wp-content\/uploads\/2020\/09\/glen-dimplex_beelden_vertaald_frans_02-150x150.jpg 150w, https:\/\/belling.eu\/wp-content\/uploads\/2020\/09\/glen-dimplex_beelden_vertaald_frans_02-100x100.jpg 100w\" sizes=\"(max-width: 250px) 100vw, 250px\" alt=\"\" \t\tclass=\"so-widget-image\"\/>\n\t\t\t<\/a><\/div>\n\n<\/div><\/div><div id=\"panel-3632-1-1-1\" class=\"so-panel widget widget_sow-image panel-last-child\" data-index=\"4\" ><div\n\t\t\t\n\t\t\tclass=\"so-widget-sow-image so-widget-sow-image-default-8b5b6f678277-3632\"\n\t\t\t\n\t\t>\n<div class=\"sow-image-container\">\n\t\t\t<a href=\"https:\/\/belling.eu\/fr\/o-acheter-nos-produits\/\"\n\t\t\t\t\t>\n\t\t\t<img \n\tsrc=\"https:\/\/belling.eu\/wp-content\/uploads\/2020\/10\/glen-dimplex_beelden_vertaald_frans_v2_07.jpg\" width=\"250\" height=\"250\" srcset=\"https:\/\/belling.eu\/wp-content\/uploads\/2020\/10\/glen-dimplex_beelden_vertaald_frans_v2_07.jpg 250w, https:\/\/belling.eu\/wp-content\/uploads\/2020\/10\/glen-dimplex_beelden_vertaald_frans_v2_07-150x150.jpg 150w, https:\/\/belling.eu\/wp-content\/uploads\/2020\/10\/glen-dimplex_beelden_vertaald_frans_v2_07-100x100.jpg 100w\" sizes=\"(max-width: 250px) 100vw, 250px\" alt=\"\" \t\tclass=\"so-widget-image\"\/>\n\t\t\t<\/a><\/div>\n\n<\/div><\/div><\/div><div id=\"pgc-3632-1-2\"  class=\"panel-grid-cell\" ><div id=\"panel-3632-1-2-0\" class=\"so-panel widget widget_sow-image panel-first-child\" data-index=\"5\" ><div\n\t\t\t\n\t\t\tclass=\"so-widget-sow-image so-widget-sow-image-default-8b5b6f678277-3632\"\n\t\t\t\n\t\t>\n<div class=\"sow-image-container\">\n\t\t\t<a href=\"https:\/\/belling.eu\/fr\/producten\/hottes-aspirantes\/\"\n\t\t\t\t\t>\n\t\t\t<img \n\tsrc=\"https:\/\/belling.eu\/wp-content\/uploads\/2020\/09\/glen-dimplex_beelden_vertaald_frans_0.jpg\" width=\"250\" height=\"250\" srcset=\"https:\/\/belling.eu\/wp-content\/uploads\/2020\/09\/glen-dimplex_beelden_vertaald_frans_0.jpg 250w, https:\/\/belling.eu\/wp-content\/uploads\/2020\/09\/glen-dimplex_beelden_vertaald_frans_0-150x150.jpg 150w, https:\/\/belling.eu\/wp-content\/uploads\/2020\/09\/glen-dimplex_beelden_vertaald_frans_0-100x100.jpg 100w\" sizes=\"(max-width: 250px) 100vw, 250px\" alt=\"\" \t\tclass=\"so-widget-image\"\/>\n\t\t\t<\/a><\/div>\n\n<\/div><\/div><div id=\"panel-3632-1-2-1\" class=\"so-panel widget widget_sow-image panel-last-child\" data-index=\"6\" ><div\n\t\t\t\n\t\t\tclass=\"so-widget-sow-image so-widget-sow-image-default-8b5b6f678277-3632\"\n\t\t\t\n\t\t>\n<div class=\"sow-image-container\">\n\t\t\t<a href=\"https:\/\/belling.eu\/fr\/propos-de-belling\/\"\n\t\t\t\t\t>\n\t\t\t<img \n\tsrc=\"https:\/\/belling.eu\/wp-content\/uploads\/2020\/09\/glen-dimplex_beelden_vertaald_frans_06.jpg\" width=\"250\" height=\"250\" srcset=\"https:\/\/belling.eu\/wp-content\/uploads\/2020\/09\/glen-dimplex_beelden_vertaald_frans_06.jpg 250w, https:\/\/belling.eu\/wp-content\/uploads\/2020\/09\/glen-dimplex_beelden_vertaald_frans_06-150x150.jpg 150w, https:\/\/belling.eu\/wp-content\/uploads\/2020\/09\/glen-dimplex_beelden_vertaald_frans_06-100x100.jpg 100w\" sizes=\"(max-width: 250px) 100vw, 250px\" alt=\"\" \t\tclass=\"so-widget-image\"\/>\n\t\t\t<\/a><\/div>\n\n<\/div><\/div><\/div><div id=\"pgc-3632-1-3\"  class=\"panel-grid-cell\" ><div id=\"panel-3632-1-3-0\" class=\"so-panel widget widget_sow-image panel-first-child\" data-index=\"7\" ><div\n\t\t\t\n\t\t\tclass=\"so-widget-sow-image so-widget-sow-image-default-8b5b6f678277-3632\"\n\t\t\t\n\t\t>\n<div class=\"sow-image-container\">\n\t\t\t<a href=\"https:\/\/belling.eu\/fr\/crez-votre-cuisinire\/\"\n\t\t\t\t\t>\n\t\t\t<img \n\tsrc=\"https:\/\/belling.eu\/wp-content\/uploads\/2020\/10\/glen-dimplex_beelden_vertaald_frans_v2_04-1.jpg\" width=\"250\" height=\"250\" srcset=\"https:\/\/belling.eu\/wp-content\/uploads\/2020\/10\/glen-dimplex_beelden_vertaald_frans_v2_04-1.jpg 250w, https:\/\/belling.eu\/wp-content\/uploads\/2020\/10\/glen-dimplex_beelden_vertaald_frans_v2_04-1-150x150.jpg 150w, https:\/\/belling.eu\/wp-content\/uploads\/2020\/10\/glen-dimplex_beelden_vertaald_frans_v2_04-1-100x100.jpg 100w\" sizes=\"(max-width: 250px) 100vw, 250px\" alt=\"\" \t\tclass=\"so-widget-image\"\/>\n\t\t\t<\/a><\/div>\n\n<\/div><\/div><div id=\"panel-3632-1-3-1\" class=\"so-panel widget widget_sow-image panel-last-child\" data-index=\"8\" ><div\n\t\t\t\n\t\t\tclass=\"so-widget-sow-image so-widget-sow-image-default-8b5b6f678277-3632\"\n\t\t\t\n\t\t>\n<div class=\"sow-image-container\">\n\t\t\t<a href=\"https:\/\/belling.eu\/fr\/fours-multifonction\/\"\n\t\t\t\t\t>\n\t\t\t<img \n\tsrc=\"https:\/\/belling.eu\/wp-content\/uploads\/2020\/10\/glen-dimplex_beelden_vertaald_frans_05.jpg\" width=\"250\" height=\"250\" srcset=\"https:\/\/belling.eu\/wp-content\/uploads\/2020\/10\/glen-dimplex_beelden_vertaald_frans_05.jpg 250w, https:\/\/belling.eu\/wp-content\/uploads\/2020\/10\/glen-dimplex_beelden_vertaald_frans_05-150x150.jpg 150w, https:\/\/belling.eu\/wp-content\/uploads\/2020\/10\/glen-dimplex_beelden_vertaald_frans_05-100x100.jpg 100w\" sizes=\"(max-width: 250px) 100vw, 250px\" alt=\"\" \t\tclass=\"so-widget-image\"\/>\n\t\t\t<\/a><\/div>\n\n<\/div><\/div><\/div><\/div><div id=\"pg-3632-2\"  class=\"panel-grid panel-no-style\" ><div id=\"pgc-3632-2-0\"  class=\"panel-grid-cell\" ><div id=\"panel-3632-2-0-0\" class=\"widget_text so-panel widget widget_custom_html panel-first-child\" data-index=\"9\" ><div class=\"textwidget custom-html-widget\"><hr style=\"border: 1px solid black;\"><\/div><\/div><div id=\"panel-3632-2-0-1\" class=\"so-panel widget widget_sow-headline\" data-index=\"10\" ><div\n\t\t\t\n\t\t\tclass=\"so-widget-sow-headline so-widget-sow-headline-default-09548aef0e26-3632\"\n\t\t\t\n\t\t><div class=\"sow-headline-container \">\n\t\t\t\t\t\t\t<h2 class=\"sow-headline\">\n\t\t\t\t\t\tLa nouvelle brochure Belling est sortie!\t\t\t\t\t\t<\/h2>\n\t\t\t\t\t\t<\/div>\n<\/div><\/div><div id=\"panel-3632-2-0-2\" class=\"so-panel widget widget_sow-image\" data-index=\"11\" ><div\n\t\t\t\n\t\t\tclass=\"so-widget-sow-image so-widget-sow-image-default-8b5b6f678277-3632\"\n\t\t\t\n\t\t>\n<div class=\"sow-image-container\">\n\t\t<img \n\tsrc=\"https:\/\/belling.eu\/wp-content\/uploads\/2023\/01\/belling_brochure-2023fr.jpg\" width=\"1200\" height=\"1000\" srcset=\"https:\/\/belling.eu\/wp-content\/uploads\/2023\/01\/belling_brochure-2023fr.jpg 1200w, https:\/\/belling.eu\/wp-content\/uploads\/2023\/01\/belling_brochure-2023fr-300x250.jpg 300w, https:\/\/belling.eu\/wp-content\/uploads\/2023\/01\/belling_brochure-2023fr-1024x853.jpg 1024w, https:\/\/belling.eu\/wp-content\/uploads\/2023\/01\/belling_brochure-2023fr-768x640.jpg 768w, https:\/\/belling.eu\/wp-content\/uploads\/2023\/01\/belling_brochure-2023fr-1000x833.jpg 1000w\" sizes=\"(max-width: 1200px) 100vw, 1200px\" alt=\"\" \t\tclass=\"so-widget-image\"\/>\n\t<\/div>\n\n<\/div><\/div><div id=\"panel-3632-2-0-3\" class=\"so-panel widget widget_sow-button panel-last-child\" data-index=\"12\" ><div\n\t\t\t\n\t\t\tclass=\"so-widget-sow-button so-widget-sow-button-flat-ea2f88eb0542-3632\"\n\t\t\t\n\t\t><div class=\"ow-button-base ow-button-align-center\"\n>\n\t\t\t<a\n\t\t\t\t\thref=\"https:\/\/belling.eu\/fr\/service-clients\/belling-brochure\/\"\n\t\t\t\t\tclass=\"sowb-button ow-icon-placement-left ow-button-hover\" target=\"_blank\" rel=\"noopener noreferrer\" \t>\n\t\t<span>\n\t\t\t\n\t\t\tVoir la nouvelle brochure Belling\t\t<\/span>\n\t\t\t<\/a>\n\t<\/div>\n<\/div><\/div><\/div><\/div><\/div>","protected":false},"excerpt":{"rendered":"<p>Full of Flavour Cuisini\u00e8res \u00e0 induction et \u00e0 gaz cuisinieres Full of Flavour Cuisini\u00e8res \u00e0 induction et \u00e0 gaz cuisinieres La nouvelle brochure Belling est sortie! Voir la nouvelle brochure Belling<\/p>\n","protected":false},"author":8,"featured_media":0,"parent":0,"menu_order":0,"comment_status":"closed","ping_status":"closed","template":"","meta":{"_acf_changed":false,"footnotes":""},"class_list":["post-3632","page","type-page","status-publish","hentry"],"acf":[],"yoast_head":"<!-- This site is optimized with the Yoast SEO plugin v27.4 - https:\/\/yoast.com\/product\/yoast-seo-wordpress\/ -->\n<title>Belling - Geef kleur aan jouw keuken!<\/title>\n<meta name=\"description\" content=\"Belling \u2013 al decennialang een begrip op het gebied van fornuizen voor de recreatieve kookfanaat.\" \/>\n<meta name=\"robots\" content=\"index, follow, max-snippet:-1, max-image-preview:large, max-video-preview:-1\" \/>\n<link rel=\"canonical\" href=\"https:\/\/belling.eu\/fr\/\" \/>\n<meta property=\"og:locale\" content=\"fr_FR\" \/>\n<meta property=\"og:type\" content=\"article\" \/>\n<meta property=\"og:title\" content=\"Belling - Geef kleur aan jouw keuken!\" \/>\n<meta property=\"og:description\" content=\"Belling \u2013 al decennialang een begrip op het gebied van fornuizen voor de recreatieve kookfanaat.\" \/>\n<meta property=\"og:url\" content=\"https:\/\/belling.eu\/fr\/\" \/>\n<meta property=\"og:site_name\" content=\"Belling\" \/>\n<meta property=\"article:modified_time\" content=\"2025-09-24T20:34:19+00:00\" \/>\n<meta name=\"twitter:card\" content=\"summary_large_image\" \/>\n<meta name=\"twitter:label1\" content=\"Dur\u00e9e de lecture estim\u00e9e\" \/>\n\t<meta name=\"twitter:data1\" content=\"3 minutes\" \/>\n<script type=\"application\/ld+json\" class=\"yoast-schema-graph\">{\"@context\":\"https:\\\/\\\/schema.org\",\"@graph\":[{\"@type\":\"WebPage\",\"@id\":\"https:\\\/\\\/belling.eu\\\/fr\\\/\",\"url\":\"https:\\\/\\\/belling.eu\\\/fr\\\/\",\"name\":\"Belling - Geef kleur aan jouw keuken!\",\"isPartOf\":{\"@id\":\"https:\\\/\\\/belling.eu\\\/#website\"},\"datePublished\":\"2020-09-16T12:47:39+00:00\",\"dateModified\":\"2025-09-24T20:34:19+00:00\",\"description\":\"Belling \u2013 al decennialang een begrip op het gebied van fornuizen voor de recreatieve kookfanaat.\",\"breadcrumb\":{\"@id\":\"https:\\\/\\\/belling.eu\\\/fr\\\/#breadcrumb\"},\"inLanguage\":\"fr-FR\",\"potentialAction\":[{\"@type\":\"ReadAction\",\"target\":[\"https:\\\/\\\/belling.eu\\\/fr\\\/\"]}]},{\"@type\":\"BreadcrumbList\",\"@id\":\"https:\\\/\\\/belling.eu\\\/fr\\\/#breadcrumb\",\"itemListElement\":[{\"@type\":\"ListItem\",\"position\":1,\"name\":\"Home\",\"item\":\"https:\\\/\\\/belling.eu\\\/fr\\\/\"},{\"@type\":\"ListItem\",\"position\":2,\"name\":\"Homepage\"}]},{\"@type\":\"WebSite\",\"@id\":\"https:\\\/\\\/belling.eu\\\/#website\",\"url\":\"https:\\\/\\\/belling.eu\\\/\",\"name\":\"Belling\",\"description\":\"\",\"potentialAction\":[{\"@type\":\"SearchAction\",\"target\":{\"@type\":\"EntryPoint\",\"urlTemplate\":\"https:\\\/\\\/belling.eu\\\/?s={search_term_string}\"},\"query-input\":{\"@type\":\"PropertyValueSpecification\",\"valueRequired\":true,\"valueName\":\"search_term_string\"}}],\"inLanguage\":\"fr-FR\"}]}<\/script>\n<!-- \/ Yoast SEO plugin. -->","yoast_head_json":{"title":"Belling - Geef kleur aan jouw keuken!","description":"Belling \u2013 al decennialang een begrip op het gebied van fornuizen voor de recreatieve kookfanaat.","robots":{"index":"index","follow":"follow","max-snippet":"max-snippet:-1","max-image-preview":"max-image-preview:large","max-video-preview":"max-video-preview:-1"},"canonical":"https:\/\/belling.eu\/fr\/","og_locale":"fr_FR","og_type":"article","og_title":"Belling - Geef kleur aan jouw keuken!","og_description":"Belling \u2013 al decennialang een begrip op het gebied van fornuizen voor de recreatieve kookfanaat.","og_url":"https:\/\/belling.eu\/fr\/","og_site_name":"Belling","article_modified_time":"2025-09-24T20:34:19+00:00","twitter_card":"summary_large_image","twitter_misc":{"Dur\u00e9e de lecture estim\u00e9e":"3 minutes"},"schema":{"@context":"https:\/\/schema.org","@graph":[{"@type":"WebPage","@id":"https:\/\/belling.eu\/fr\/","url":"https:\/\/belling.eu\/fr\/","name":"Belling - Geef kleur aan jouw keuken!","isPartOf":{"@id":"https:\/\/belling.eu\/#website"},"datePublished":"2020-09-16T12:47:39+00:00","dateModified":"2025-09-24T20:34:19+00:00","description":"Belling \u2013 al decennialang een begrip op het gebied van fornuizen voor de recreatieve kookfanaat.","breadcrumb":{"@id":"https:\/\/belling.eu\/fr\/#breadcrumb"},"inLanguage":"fr-FR","potentialAction":[{"@type":"ReadAction","target":["https:\/\/belling.eu\/fr\/"]}]},{"@type":"BreadcrumbList","@id":"https:\/\/belling.eu\/fr\/#breadcrumb","itemListElement":[{"@type":"ListItem","position":1,"name":"Home","item":"https:\/\/belling.eu\/fr\/"},{"@type":"ListItem","position":2,"name":"Homepage"}]},{"@type":"WebSite","@id":"https:\/\/belling.eu\/#website","url":"https:\/\/belling.eu\/","name":"Belling","description":"","potentialAction":[{"@type":"SearchAction","target":{"@type":"EntryPoint","urlTemplate":"https:\/\/belling.eu\/?s={search_term_string}"},"query-input":{"@type":"PropertyValueSpecification","valueRequired":true,"valueName":"search_term_string"}}],"inLanguage":"fr-FR"}]}},"_links":{"self":[{"href":"https:\/\/belling.eu\/fr\/wp-json\/wp\/v2\/pages\/3632","targetHints":{"allow":["GET"]}}],"collection":[{"href":"https:\/\/belling.eu\/fr\/wp-json\/wp\/v2\/pages"}],"about":[{"href":"https:\/\/belling.eu\/fr\/wp-json\/wp\/v2\/types\/page"}],"author":[{"embeddable":true,"href":"https:\/\/belling.eu\/fr\/wp-json\/wp\/v2\/users\/8"}],"replies":[{"embeddable":true,"href":"https:\/\/belling.eu\/fr\/wp-json\/wp\/v2\/comments?post=3632"}],"version-history":[{"count":0,"href":"https:\/\/belling.eu\/fr\/wp-json\/wp\/v2\/pages\/3632\/revisions"}],"wp:attachment":[{"href":"https:\/\/belling.eu\/fr\/wp-json\/wp\/v2\/media?parent=3632"}],"curies":[{"name":"wp","href":"https:\/\/api.w.org\/{rel}","templated":true}]}}