{"id":3613,"date":"2020-08-21T11:32:02","date_gmt":"2020-08-21T09:32:02","guid":{"rendered":"https:\/\/nlbell-stibanken.savviihq.com\/introduisez-une-demande-de-service\/"},"modified":"2025-08-04T12:10:48","modified_gmt":"2025-08-04T10:10:48","slug":"introduisez-une-demande-de-service","status":"publish","type":"page","link":"https:\/\/belling.eu\/fr\/service-clients\/introduisez-une-demande-de-service\/","title":{"rendered":"Introduisez une demande de service."},"content":{"rendered":"<div id=\"pl-3613\"  class=\"panel-layout\" ><div id=\"pg-3613-0\"  class=\"panel-grid panel-no-style\" ><div id=\"pgc-3613-0-0\"  class=\"panel-grid-cell\" ><div id=\"panel-3613-0-0-0\" class=\"so-panel widget widget_sow-headline panel-first-child\" data-index=\"0\" ><div\n\t\t\t\n\t\t\tclass=\"so-widget-sow-headline so-widget-sow-headline-default-936ad1910e84-3613\"\n\t\t\t\n\t\t><div class=\"sow-headline-container \">\n\t\t\t\t\t\t\t<h1 class=\"sow-headline\">\n\t\t\t\t\t\tBelling vous offre deux ans de certitude\t\t\t\t\t\t<\/h1>\n\t\t\t\t\t\t<\/div>\n<\/div><\/div><div id=\"panel-3613-0-0-1\" class=\"so-panel widget widget_sow-editor\" data-index=\"1\" ><div\n\t\t\t\n\t\t\tclass=\"so-widget-sow-editor so-widget-sow-editor-base\"\n\t\t\t\n\t\t>\n<div class=\"siteorigin-widget-tinymce textwidget\">\n\t<p>Belling fabrique des cuisini\u00e8res de haute qualit\u00e9. C\u2019est pourquoi vous recevez, pendant les deux premi\u00e8res ann\u00e9es, une garantie totale sur les pi\u00e8ces, les frais de d\u00e9placement et la main d\u2019\u0153uvre dans le but de vous \u00e9viter de mauvaises surprises si un d\u00e9pannage s\u2019av\u00e8re n\u00e9cessaire.<\/p>\n<p><strong>Que faire en cas de panne ou de dysfonctionnement<\/strong>1.<br \/>\nV\u00e9rifiez que la cuisini\u00e8re est raccord\u00e9e correctement. Vous trouverez les sch\u00e9mas de raccordement appropri\u00e9s sur ce site web sous l\u2019onglet \u00ab\u00a0Sch\u00e9mas de raccordement\u00a0\u00bb (page du service clients).<br \/>\n2. Lisez attentivement le mode d\u2019emploi pour vous assurer d\u2019avoir allum\u00e9 correctement la cuisini\u00e8re. Vous trouverez la version int\u00e9grale et abr\u00e9g\u00e9e des modes d\u2019emploi dans l\u2019onglet \u00ab\u00a0Modes d\u2019emploi\u00a0\u00bb (page du service clients).<b><br \/>\n3.<\/b>\u00a0Le contr\u00f4le ci-dessus n\u2019a pas permis de r\u00e9gler le dysfonctionnement\u00a0? Belling se fera un plaisir de vous aider \u00e0 r\u00e9soudre votre probl\u00e8me et de traiter votre r\u00e9clamation. Vous pouvez \u00e9galement nous contacter pour une assistance technique. Vous pouvez signaler directement ici les pannes et vos \u00e9ventuelles questions.<br \/>\n<strong>4.STORINGEN VOOR BELGI\u00cb\u00a0<\/strong>kunnen gemeld worden via de volgende link<strong>:\u00a0<a href=\"https:\/\/www.servicecentrale.com\/\">https:\/\/www.servicecentrale.com\u00a0<\/a><\/strong>of per mail<strong>: info@servicecentrale.com\u00a0<\/strong>of telefonisch<strong>: 0031 (0)162-435847<br \/>\n5.Pannes pour la FRANCE peuvent \u00eatre signal\u00e9es par email \u00e0: belling@sfg.fr ou par t\u00e9l\u00e9phone au +33 (0) 04 88 78 59 59<\/strong><\/p>\n<\/div>\n<\/div><\/div><div id=\"panel-3613-0-0-2\" class=\"so-panel widget widget_sow-editor panel-last-child\" data-index=\"2\" ><div\n\t\t\t\n\t\t\tclass=\"so-widget-sow-editor so-widget-sow-editor-base\"\n\t\t\t\n\t\t>\n<div class=\"siteorigin-widget-tinymce textwidget\">\n\t[vc_raw_html]JTNDaWZyYW1lJTIwc3JjJTNEJTIyaHR0cHMlM0ElMkYlMkZhcHAuaW5zZXpvLmNvbSUyRmlmcmFtZSUzRmJ0JTNEYnNubCUyNmV4JTNEYmVsbGluZyUyNmxhbmclM0RmciUyMiUyMHdpZHRoJTNEJTIyMTAwJTI1JTIyJTIwaGVpZ2h0JTNEJTIyMTIwMHB4JTIyJTIwc2Nyb2xsaW5nJTNEJTIyYXV0byUyMiUyMGZyYW1lYm9yZGVyJTNEJTIyMCUyMiUzRSUzQyUyRmlmcmFtZSUzRQ==[\/vc_raw_html]\n<\/div>\n<\/div><\/div><\/div><\/div><\/div>","protected":false},"excerpt":{"rendered":"<p>Belling fabrique des cuisini\u00e8res de haute qualit\u00e9. C\u2019est pourquoi vous recevez, pendant les deux premi\u00e8res ann\u00e9es, une garantie totale sur les pi\u00e8ces, les frais de d\u00e9placement et la main d\u2019\u0153uvre dans le but de vous \u00e9viter de mauvaises surprises si un d\u00e9pannage s\u2019av\u00e8re n\u00e9cessaire. Que faire en cas de panne ou de dysfonctionnement1. V\u00e9rifiez que [&hellip;]<\/p>\n","protected":false},"author":8,"featured_media":0,"parent":3643,"menu_order":0,"comment_status":"closed","ping_status":"closed","template":"","meta":{"_acf_changed":false,"footnotes":""},"class_list":["post-3613","page","type-page","status-publish","hentry"],"acf":[],"yoast_head":"<!-- This site is optimized with the Yoast SEO plugin v27.3 - https:\/\/yoast.com\/product\/yoast-seo-wordpress\/ -->\n<title>Introduisez une demande de service. - Belling<\/title>\n<meta name=\"robots\" content=\"index, follow, max-snippet:-1, max-image-preview:large, max-video-preview:-1\" \/>\n<link rel=\"canonical\" href=\"https:\/\/belling.eu\/fr\/service-clients\/introduisez-une-demande-de-service\/\" \/>\n<meta property=\"og:locale\" content=\"fr_FR\" \/>\n<meta property=\"og:type\" content=\"article\" \/>\n<meta property=\"og:title\" content=\"Introduisez une demande de service. - Belling\" \/>\n<meta property=\"og:description\" content=\"Belling fabrique des cuisini\u00e8res de haute qualit\u00e9. C\u2019est pourquoi vous recevez, pendant les deux premi\u00e8res ann\u00e9es, une garantie totale sur les pi\u00e8ces, les frais de d\u00e9placement et la main d\u2019\u0153uvre dans le but de vous \u00e9viter de mauvaises surprises si un d\u00e9pannage s\u2019av\u00e8re n\u00e9cessaire. Que faire en cas de panne ou de dysfonctionnement1. V\u00e9rifiez que [&hellip;]\" \/>\n<meta property=\"og:url\" content=\"https:\/\/belling.eu\/fr\/service-clients\/introduisez-une-demande-de-service\/\" \/>\n<meta property=\"og:site_name\" content=\"Belling\" \/>\n<meta property=\"article:modified_time\" content=\"2025-08-04T10:10:48+00:00\" \/>\n<meta name=\"twitter:card\" content=\"summary_large_image\" \/>\n<meta name=\"twitter:label1\" content=\"Dur\u00e9e de lecture estim\u00e9e\" \/>\n\t<meta name=\"twitter:data1\" content=\"2 minutes\" \/>\n<script type=\"application\/ld+json\" class=\"yoast-schema-graph\">{\"@context\":\"https:\\\/\\\/schema.org\",\"@graph\":[{\"@type\":\"WebPage\",\"@id\":\"https:\\\/\\\/belling.eu\\\/fr\\\/service-clients\\\/introduisez-une-demande-de-service\\\/\",\"url\":\"https:\\\/\\\/belling.eu\\\/fr\\\/service-clients\\\/introduisez-une-demande-de-service\\\/\",\"name\":\"Introduisez une demande de service. - Belling\",\"isPartOf\":{\"@id\":\"https:\\\/\\\/belling.eu\\\/#website\"},\"datePublished\":\"2020-08-21T09:32:02+00:00\",\"dateModified\":\"2025-08-04T10:10:48+00:00\",\"breadcrumb\":{\"@id\":\"https:\\\/\\\/belling.eu\\\/fr\\\/service-clients\\\/introduisez-une-demande-de-service\\\/#breadcrumb\"},\"inLanguage\":\"fr-FR\",\"potentialAction\":[{\"@type\":\"ReadAction\",\"target\":[\"https:\\\/\\\/belling.eu\\\/fr\\\/service-clients\\\/introduisez-une-demande-de-service\\\/\"]}]},{\"@type\":\"BreadcrumbList\",\"@id\":\"https:\\\/\\\/belling.eu\\\/fr\\\/service-clients\\\/introduisez-une-demande-de-service\\\/#breadcrumb\",\"itemListElement\":[{\"@type\":\"ListItem\",\"position\":1,\"name\":\"Home\",\"item\":\"https:\\\/\\\/belling.eu\\\/fr\\\/\"},{\"@type\":\"ListItem\",\"position\":2,\"name\":\"Service Clients\",\"item\":\"https:\\\/\\\/belling.eu\\\/fr\\\/service-clients\\\/\"},{\"@type\":\"ListItem\",\"position\":3,\"name\":\"Introduisez une demande de service.\"}]},{\"@type\":\"WebSite\",\"@id\":\"https:\\\/\\\/belling.eu\\\/#website\",\"url\":\"https:\\\/\\\/belling.eu\\\/\",\"name\":\"Belling\",\"description\":\"\",\"potentialAction\":[{\"@type\":\"SearchAction\",\"target\":{\"@type\":\"EntryPoint\",\"urlTemplate\":\"https:\\\/\\\/belling.eu\\\/?s={search_term_string}\"},\"query-input\":{\"@type\":\"PropertyValueSpecification\",\"valueRequired\":true,\"valueName\":\"search_term_string\"}}],\"inLanguage\":\"fr-FR\"}]}<\/script>\n<!-- \/ Yoast SEO plugin. -->","yoast_head_json":{"title":"Introduisez une demande de service. - Belling","robots":{"index":"index","follow":"follow","max-snippet":"max-snippet:-1","max-image-preview":"max-image-preview:large","max-video-preview":"max-video-preview:-1"},"canonical":"https:\/\/belling.eu\/fr\/service-clients\/introduisez-une-demande-de-service\/","og_locale":"fr_FR","og_type":"article","og_title":"Introduisez une demande de service. - Belling","og_description":"Belling fabrique des cuisini\u00e8res de haute qualit\u00e9. C\u2019est pourquoi vous recevez, pendant les deux premi\u00e8res ann\u00e9es, une garantie totale sur les pi\u00e8ces, les frais de d\u00e9placement et la main d\u2019\u0153uvre dans le but de vous \u00e9viter de mauvaises surprises si un d\u00e9pannage s\u2019av\u00e8re n\u00e9cessaire. Que faire en cas de panne ou de dysfonctionnement1. V\u00e9rifiez que [&hellip;]","og_url":"https:\/\/belling.eu\/fr\/service-clients\/introduisez-une-demande-de-service\/","og_site_name":"Belling","article_modified_time":"2025-08-04T10:10:48+00:00","twitter_card":"summary_large_image","twitter_misc":{"Dur\u00e9e de lecture estim\u00e9e":"2 minutes"},"schema":{"@context":"https:\/\/schema.org","@graph":[{"@type":"WebPage","@id":"https:\/\/belling.eu\/fr\/service-clients\/introduisez-une-demande-de-service\/","url":"https:\/\/belling.eu\/fr\/service-clients\/introduisez-une-demande-de-service\/","name":"Introduisez une demande de service. - Belling","isPartOf":{"@id":"https:\/\/belling.eu\/#website"},"datePublished":"2020-08-21T09:32:02+00:00","dateModified":"2025-08-04T10:10:48+00:00","breadcrumb":{"@id":"https:\/\/belling.eu\/fr\/service-clients\/introduisez-une-demande-de-service\/#breadcrumb"},"inLanguage":"fr-FR","potentialAction":[{"@type":"ReadAction","target":["https:\/\/belling.eu\/fr\/service-clients\/introduisez-une-demande-de-service\/"]}]},{"@type":"BreadcrumbList","@id":"https:\/\/belling.eu\/fr\/service-clients\/introduisez-une-demande-de-service\/#breadcrumb","itemListElement":[{"@type":"ListItem","position":1,"name":"Home","item":"https:\/\/belling.eu\/fr\/"},{"@type":"ListItem","position":2,"name":"Service Clients","item":"https:\/\/belling.eu\/fr\/service-clients\/"},{"@type":"ListItem","position":3,"name":"Introduisez une demande de service."}]},{"@type":"WebSite","@id":"https:\/\/belling.eu\/#website","url":"https:\/\/belling.eu\/","name":"Belling","description":"","potentialAction":[{"@type":"SearchAction","target":{"@type":"EntryPoint","urlTemplate":"https:\/\/belling.eu\/?s={search_term_string}"},"query-input":{"@type":"PropertyValueSpecification","valueRequired":true,"valueName":"search_term_string"}}],"inLanguage":"fr-FR"}]}},"_links":{"self":[{"href":"https:\/\/belling.eu\/fr\/wp-json\/wp\/v2\/pages\/3613","targetHints":{"allow":["GET"]}}],"collection":[{"href":"https:\/\/belling.eu\/fr\/wp-json\/wp\/v2\/pages"}],"about":[{"href":"https:\/\/belling.eu\/fr\/wp-json\/wp\/v2\/types\/page"}],"author":[{"embeddable":true,"href":"https:\/\/belling.eu\/fr\/wp-json\/wp\/v2\/users\/8"}],"replies":[{"embeddable":true,"href":"https:\/\/belling.eu\/fr\/wp-json\/wp\/v2\/comments?post=3613"}],"version-history":[{"count":0,"href":"https:\/\/belling.eu\/fr\/wp-json\/wp\/v2\/pages\/3613\/revisions"}],"up":[{"embeddable":true,"href":"https:\/\/belling.eu\/fr\/wp-json\/wp\/v2\/pages\/3643"}],"wp:attachment":[{"href":"https:\/\/belling.eu\/fr\/wp-json\/wp\/v2\/media?parent=3613"}],"curies":[{"name":"wp","href":"https:\/\/api.w.org\/{rel}","templated":true}]}}