{"id":3604,"date":"2020-08-21T11:31:59","date_gmt":"2020-08-21T09:31:59","guid":{"rendered":"https:\/\/nlbell-stibanken.savviihq.com\/schmas-de-raccordement\/"},"modified":"2025-07-09T14:48:16","modified_gmt":"2025-07-09T12:48:16","slug":"schmas-de-raccordement","status":"publish","type":"page","link":"https:\/\/belling.eu\/fr\/service-clients\/schmas-de-raccordement\/","title":{"rendered":"Sch&eacute;mas de raccordement"},"content":{"rendered":"<div id=\"pl-3604\"  class=\"panel-layout\" ><div id=\"pg-3604-0\"  class=\"panel-grid panel-no-style\" ><div id=\"pgc-3604-0-0\"  class=\"panel-grid-cell\" ><div id=\"panel-3604-0-0-0\" class=\"so-panel widget widget_sow-headline panel-first-child\" data-index=\"0\" ><div\n\t\t\t\n\t\t\tclass=\"so-widget-sow-headline so-widget-sow-headline-default-936ad1910e84-3604\"\n\t\t\t\n\t\t><div class=\"sow-headline-container \">\n\t\t\t\t\t\t\t<h1 class=\"sow-headline\">\n\t\t\t\t\t\tSchem\u00e1s de raccordement\t\t\t\t\t\t<\/h1>\n\t\t\t\t\t\t<\/div>\n<\/div><\/div><div id=\"panel-3604-0-0-1\" class=\"so-panel widget widget_sow-editor panel-last-child\" data-index=\"1\" ><div\n\t\t\t\n\t\t\tclass=\"so-widget-sow-editor so-widget-sow-editor-base\"\n\t\t\t\n\t\t>\n<div class=\"siteorigin-widget-tinymce textwidget\">\n\t<p>]Les cuisini\u00e8res Farmhouse, Cookcentre et Kensington de Belling doivent \u00eatre raccord\u00e9es par un installateur agr\u00e9\u00e9. Les probl\u00e8mes ou d\u00e9fauts caus\u00e9s par un raccordement erron\u00e9 de l\u2019appareil ne sont pas couverts par la garantie. Les probl\u00e8mes de raccordement constat\u00e9s par nos techniciens seront factur\u00e9s au client\/\u00e0 l\u2019utilisateur sur place. Nous sommes conscients que cette remarque peut ne pas sembler tr\u00e8s sympathique de notre part. Toutefois, il est fr\u00e9quent que nos techniciens d\u00e9couvrent que la cuisini\u00e8re d\u00e9fectueuse n\u2019a pas \u00e9t\u00e9 raccord\u00e9e correctement, et il nous est toujours d\u00e9sagr\u00e9able de devoir facturer des frais pour cela. Toutes les cuisini\u00e8res Belling susmentionn\u00e9es peuvent \u00eatre branch\u00e9es sur une alimentation biphas\u00e9e ou triphas\u00e9e.<\/p>\n<p><strong>Soyez bien attentif \u00e0 utiliser le sch\u00e9ma de raccordement qui s\u2019applique \u00e0 votre situation\u00a0:<\/strong><\/p>\n<ul>\n<li><a href=\"https:\/\/belling.eu\/wp-content\/uploads\/2020\/11\/stoves-belling-2-fasen-aansluiting-new-fr..pdf\">Belling raccordement biphas\u00e9 BE<\/a><\/li>\n<li><a href=\"https:\/\/belling.eu\/wp-content\/uploads\/2020\/11\/stoves-belling-3-fasen-380v-met-0-be-new-df-fr.pdf\">Belling raccordement triphas\u00e9 avec 0<\/a><\/li>\n<li><a href=\"https:\/\/belling.eu\/wp-content\/uploads\/2020\/11\/stoves-belling-3-fasen-380v-met-0-be-new-ei-fr.pdf\">Belling raccordement pour cuisini\u00e8res \u00e0 induction BE<\/a><\/li>\n<li><a href=\"https:\/\/belling.eu\/wp-content\/uploads\/2019\/02\/stoves-belling-monofasige-aansluiting-belgie-pdf-6.pdf\">Belling - Sch\u00e9ma de raccordement monophas\u00e9 BE<\/a><\/li>\n<\/ul>\n<p>&nbsp;<\/p>\n<\/div>\n<\/div><\/div><\/div><\/div><\/div>","protected":false},"excerpt":{"rendered":"<p>]Les cuisini\u00e8res Farmhouse, Cookcentre et Kensington de Belling doivent \u00eatre raccord\u00e9es par un installateur agr\u00e9\u00e9. Les probl\u00e8mes ou d\u00e9fauts caus\u00e9s par un raccordement erron\u00e9 de l\u2019appareil ne sont pas couverts par la garantie. Les probl\u00e8mes de raccordement constat\u00e9s par nos techniciens seront factur\u00e9s au client\/\u00e0 l\u2019utilisateur sur place. Nous sommes conscients que cette remarque peut [&hellip;]<\/p>\n","protected":false},"author":8,"featured_media":0,"parent":3643,"menu_order":0,"comment_status":"closed","ping_status":"closed","template":"","meta":{"_acf_changed":false,"footnotes":""},"class_list":["post-3604","page","type-page","status-publish","hentry"],"acf":[],"yoast_head":"<!-- This site is optimized with the Yoast SEO plugin v27.3 - https:\/\/yoast.com\/product\/yoast-seo-wordpress\/ -->\n<title>Sch&eacute;mas de raccordement - Belling<\/title>\n<meta name=\"robots\" content=\"index, follow, max-snippet:-1, max-image-preview:large, max-video-preview:-1\" \/>\n<link rel=\"canonical\" href=\"https:\/\/belling.eu\/fr\/service-clients\/schmas-de-raccordement\/\" \/>\n<meta property=\"og:locale\" content=\"fr_FR\" \/>\n<meta property=\"og:type\" content=\"article\" \/>\n<meta property=\"og:title\" content=\"Sch&eacute;mas de raccordement - Belling\" \/>\n<meta property=\"og:description\" content=\"]Les cuisini\u00e8res Farmhouse, Cookcentre et Kensington de Belling doivent \u00eatre raccord\u00e9es par un installateur agr\u00e9\u00e9. Les probl\u00e8mes ou d\u00e9fauts caus\u00e9s par un raccordement erron\u00e9 de l\u2019appareil ne sont pas couverts par la garantie. Les probl\u00e8mes de raccordement constat\u00e9s par nos techniciens seront factur\u00e9s au client\/\u00e0 l\u2019utilisateur sur place. Nous sommes conscients que cette remarque peut [&hellip;]\" \/>\n<meta property=\"og:url\" content=\"https:\/\/belling.eu\/fr\/service-clients\/schmas-de-raccordement\/\" \/>\n<meta property=\"og:site_name\" content=\"Belling\" \/>\n<meta property=\"article:modified_time\" content=\"2025-07-09T12:48:16+00:00\" \/>\n<meta name=\"twitter:card\" content=\"summary_large_image\" \/>\n<meta name=\"twitter:label1\" content=\"Dur\u00e9e de lecture estim\u00e9e\" \/>\n\t<meta name=\"twitter:data1\" content=\"1 minute\" \/>\n<script type=\"application\/ld+json\" class=\"yoast-schema-graph\">{\"@context\":\"https:\\\/\\\/schema.org\",\"@graph\":[{\"@type\":\"WebPage\",\"@id\":\"https:\\\/\\\/belling.eu\\\/fr\\\/service-clients\\\/schmas-de-raccordement\\\/\",\"url\":\"https:\\\/\\\/belling.eu\\\/fr\\\/service-clients\\\/schmas-de-raccordement\\\/\",\"name\":\"Sch&eacute;mas de raccordement - Belling\",\"isPartOf\":{\"@id\":\"https:\\\/\\\/belling.eu\\\/#website\"},\"datePublished\":\"2020-08-21T09:31:59+00:00\",\"dateModified\":\"2025-07-09T12:48:16+00:00\",\"breadcrumb\":{\"@id\":\"https:\\\/\\\/belling.eu\\\/fr\\\/service-clients\\\/schmas-de-raccordement\\\/#breadcrumb\"},\"inLanguage\":\"fr-FR\",\"potentialAction\":[{\"@type\":\"ReadAction\",\"target\":[\"https:\\\/\\\/belling.eu\\\/fr\\\/service-clients\\\/schmas-de-raccordement\\\/\"]}]},{\"@type\":\"BreadcrumbList\",\"@id\":\"https:\\\/\\\/belling.eu\\\/fr\\\/service-clients\\\/schmas-de-raccordement\\\/#breadcrumb\",\"itemListElement\":[{\"@type\":\"ListItem\",\"position\":1,\"name\":\"Home\",\"item\":\"https:\\\/\\\/belling.eu\\\/fr\\\/\"},{\"@type\":\"ListItem\",\"position\":2,\"name\":\"Service Clients\",\"item\":\"https:\\\/\\\/belling.eu\\\/fr\\\/service-clients\\\/\"},{\"@type\":\"ListItem\",\"position\":3,\"name\":\"Sch&eacute;mas de raccordement\"}]},{\"@type\":\"WebSite\",\"@id\":\"https:\\\/\\\/belling.eu\\\/#website\",\"url\":\"https:\\\/\\\/belling.eu\\\/\",\"name\":\"Belling\",\"description\":\"\",\"potentialAction\":[{\"@type\":\"SearchAction\",\"target\":{\"@type\":\"EntryPoint\",\"urlTemplate\":\"https:\\\/\\\/belling.eu\\\/?s={search_term_string}\"},\"query-input\":{\"@type\":\"PropertyValueSpecification\",\"valueRequired\":true,\"valueName\":\"search_term_string\"}}],\"inLanguage\":\"fr-FR\"}]}<\/script>\n<!-- \/ Yoast SEO plugin. -->","yoast_head_json":{"title":"Sch&eacute;mas de raccordement - Belling","robots":{"index":"index","follow":"follow","max-snippet":"max-snippet:-1","max-image-preview":"max-image-preview:large","max-video-preview":"max-video-preview:-1"},"canonical":"https:\/\/belling.eu\/fr\/service-clients\/schmas-de-raccordement\/","og_locale":"fr_FR","og_type":"article","og_title":"Sch&eacute;mas de raccordement - Belling","og_description":"]Les cuisini\u00e8res Farmhouse, Cookcentre et Kensington de Belling doivent \u00eatre raccord\u00e9es par un installateur agr\u00e9\u00e9. Les probl\u00e8mes ou d\u00e9fauts caus\u00e9s par un raccordement erron\u00e9 de l\u2019appareil ne sont pas couverts par la garantie. Les probl\u00e8mes de raccordement constat\u00e9s par nos techniciens seront factur\u00e9s au client\/\u00e0 l\u2019utilisateur sur place. Nous sommes conscients que cette remarque peut [&hellip;]","og_url":"https:\/\/belling.eu\/fr\/service-clients\/schmas-de-raccordement\/","og_site_name":"Belling","article_modified_time":"2025-07-09T12:48:16+00:00","twitter_card":"summary_large_image","twitter_misc":{"Dur\u00e9e de lecture estim\u00e9e":"1 minute"},"schema":{"@context":"https:\/\/schema.org","@graph":[{"@type":"WebPage","@id":"https:\/\/belling.eu\/fr\/service-clients\/schmas-de-raccordement\/","url":"https:\/\/belling.eu\/fr\/service-clients\/schmas-de-raccordement\/","name":"Sch&eacute;mas de raccordement - Belling","isPartOf":{"@id":"https:\/\/belling.eu\/#website"},"datePublished":"2020-08-21T09:31:59+00:00","dateModified":"2025-07-09T12:48:16+00:00","breadcrumb":{"@id":"https:\/\/belling.eu\/fr\/service-clients\/schmas-de-raccordement\/#breadcrumb"},"inLanguage":"fr-FR","potentialAction":[{"@type":"ReadAction","target":["https:\/\/belling.eu\/fr\/service-clients\/schmas-de-raccordement\/"]}]},{"@type":"BreadcrumbList","@id":"https:\/\/belling.eu\/fr\/service-clients\/schmas-de-raccordement\/#breadcrumb","itemListElement":[{"@type":"ListItem","position":1,"name":"Home","item":"https:\/\/belling.eu\/fr\/"},{"@type":"ListItem","position":2,"name":"Service Clients","item":"https:\/\/belling.eu\/fr\/service-clients\/"},{"@type":"ListItem","position":3,"name":"Sch&eacute;mas de raccordement"}]},{"@type":"WebSite","@id":"https:\/\/belling.eu\/#website","url":"https:\/\/belling.eu\/","name":"Belling","description":"","potentialAction":[{"@type":"SearchAction","target":{"@type":"EntryPoint","urlTemplate":"https:\/\/belling.eu\/?s={search_term_string}"},"query-input":{"@type":"PropertyValueSpecification","valueRequired":true,"valueName":"search_term_string"}}],"inLanguage":"fr-FR"}]}},"_links":{"self":[{"href":"https:\/\/belling.eu\/fr\/wp-json\/wp\/v2\/pages\/3604","targetHints":{"allow":["GET"]}}],"collection":[{"href":"https:\/\/belling.eu\/fr\/wp-json\/wp\/v2\/pages"}],"about":[{"href":"https:\/\/belling.eu\/fr\/wp-json\/wp\/v2\/types\/page"}],"author":[{"embeddable":true,"href":"https:\/\/belling.eu\/fr\/wp-json\/wp\/v2\/users\/8"}],"replies":[{"embeddable":true,"href":"https:\/\/belling.eu\/fr\/wp-json\/wp\/v2\/comments?post=3604"}],"version-history":[{"count":0,"href":"https:\/\/belling.eu\/fr\/wp-json\/wp\/v2\/pages\/3604\/revisions"}],"up":[{"embeddable":true,"href":"https:\/\/belling.eu\/fr\/wp-json\/wp\/v2\/pages\/3643"}],"wp:attachment":[{"href":"https:\/\/belling.eu\/fr\/wp-json\/wp\/v2\/media?parent=3604"}],"curies":[{"name":"wp","href":"https:\/\/api.w.org\/{rel}","templated":true}]}}