{"id":3598,"date":"2020-08-21T11:31:56","date_gmt":"2020-08-21T09:31:56","guid":{"rendered":"https:\/\/nlbell-stibanken.savviihq.com\/propos-de-belling\/"},"modified":"2025-07-09T16:50:55","modified_gmt":"2025-07-09T14:50:55","slug":"propos-de-belling","status":"publish","type":"page","link":"https:\/\/belling.eu\/fr\/propos-de-belling\/","title":{"rendered":"&Agrave; propos de Belling"},"content":{"rendered":"<div id=\"pl-3598\"  class=\"panel-layout\" ><div id=\"pg-3598-0\"  class=\"panel-grid panel-has-style\" ><div class=\"so-parallax siteorigin-panels-stretch panel-row-style panel-row-style-for-3598-0\" data-stretch-type=\"full\" ><img fetchpriority=\"high\" decoding=\"async\" width=\"1920\" height=\"1600\" src=\"https:\/\/belling.eu\/wp-content\/uploads\/2019\/02\/achtergrondbeeld_over-belling_-glen-dimplex.jpg\" class=\"attachment-full size-full\" alt=\"\" data-siteorigin-parallax=\"true\" loading=\"eager\" srcset=\"https:\/\/belling.eu\/wp-content\/uploads\/2019\/02\/achtergrondbeeld_over-belling_-glen-dimplex.jpg 1920w, https:\/\/belling.eu\/wp-content\/uploads\/2019\/02\/achtergrondbeeld_over-belling_-glen-dimplex-300x250.jpg 300w, https:\/\/belling.eu\/wp-content\/uploads\/2019\/02\/achtergrondbeeld_over-belling_-glen-dimplex-768x640.jpg 768w, https:\/\/belling.eu\/wp-content\/uploads\/2019\/02\/achtergrondbeeld_over-belling_-glen-dimplex-1024x853.jpg 1024w, https:\/\/belling.eu\/wp-content\/uploads\/2019\/02\/achtergrondbeeld_over-belling_-glen-dimplex-1000x833.jpg 1000w, https:\/\/belling.eu\/wp-content\/uploads\/2019\/02\/achtergrondbeeld_over-belling_-glen-dimplex-922x768.jpg 922w, https:\/\/belling.eu\/wp-content\/uploads\/2019\/02\/achtergrondbeeld_over-belling_-glen-dimplex-497x414.jpg 497w\" sizes=\"(max-width: 1920px) 100vw, 1920px\" itemprop=\"image\" \/><div id=\"pgc-3598-0-0\"  class=\"panel-grid-cell\" ><div id=\"panel-3598-0-0-0\" class=\"so-panel widget widget_siteorigin-panels-builder panel-first-child panel-last-child\" data-index=\"0\" ><div class=\"panel-widget-style panel-widget-style-for-3598-0-0-0\" ><div id=\"pl-w686e81cfa6c9f\"  class=\"panel-layout\" ><div id=\"pg-w686e81cfa6c9f-0\"  class=\"panel-grid panel-no-style\" ><div id=\"pgc-w686e81cfa6c9f-0-0\"  class=\"panel-grid-cell\" ><div id=\"panel-w686e81cfa6c9f-0-0-0\" class=\"so-panel widget widget_sow-headline panel-first-child panel-last-child\" data-index=\"0\" ><div\n\t\t\t\n\t\t\tclass=\"so-widget-sow-headline so-widget-sow-headline-default-ea5d56f5db21\"\n\t\t\t\n\t\t><div class=\"sow-headline-container \">\n\t\t\t\t\t\t\t<h1 class=\"sow-headline\">\n\t\t\t\t\t\t\u00c0 propos de Belling\t\t\t\t\t\t<\/h1>\n\t\t\t\t\t\t<\/div>\n<\/div><\/div><\/div><\/div><div id=\"pg-w686e81cfa6c9f-1\"  class=\"panel-grid panel-no-style\" ><div id=\"pgc-w686e81cfa6c9f-1-0\"  class=\"panel-grid-cell\" ><div id=\"panel-w686e81cfa6c9f-1-0-0\" class=\"so-panel widget widget_sow-editor panel-first-child panel-last-child\" data-index=\"1\" ><div\n\t\t\t\n\t\t\tclass=\"so-widget-sow-editor so-widget-sow-editor-base\"\n\t\t\t\n\t\t>\n<div class=\"siteorigin-widget-tinymce textwidget\">\n\t<p style=\"text-align: center;\">Implant\u00e9e dans le Nord de l'Angleterre, l\u2019entreprise familiale Belling est une maison de tradition.<br \/>\nAujourd'hui, plus de cent ans apr\u00e8s la cr\u00e9ation de la marque, les cuisini\u00e8res Belling sont toujours fabriqu\u00e9es \u00e0 la main.<\/p>\n<\/div>\n<\/div><\/div><\/div><\/div><div id=\"pg-w686e81cfa6c9f-2\"  class=\"panel-grid panel-no-style\" ><div id=\"pgc-w686e81cfa6c9f-2-0\"  class=\"panel-grid-cell\" ><div id=\"panel-w686e81cfa6c9f-2-0-0\" class=\"so-panel widget widget_sow-headline panel-first-child\" data-index=\"2\" ><div\n\t\t\t\n\t\t\tclass=\"so-widget-sow-headline so-widget-sow-headline-default-c638b27e51c7\"\n\t\t\t\n\t\t><div class=\"sow-headline-container \">\n\t\t\t\t\t\t\t<h3 class=\"sow-headline\">\n\t\t\t\t\t\tTradition,\t\t\t\t\t\t<\/h3>\n\t\t\t\t\t\t<\/div>\n<\/div><\/div><div id=\"panel-w686e81cfa6c9f-2-0-1\" class=\"so-panel widget widget_sow-editor panel-last-child\" data-index=\"3\" ><div\n\t\t\t\n\t\t\tclass=\"so-widget-sow-editor so-widget-sow-editor-base\"\n\t\t\t\n\t\t>\n<div class=\"siteorigin-widget-tinymce textwidget\">\n\t<p style=\"text-align: center;\">artisanat, passion pour le m\u00e9tier et attention port\u00e9e aux d\u00e9tails. Fort de cette exp\u00e9rience, Belling cr\u00e9e des cuisini\u00e8res modernes, au charme tout britannique.<\/p>\n<p style=\"text-align: center;\">Gr\u00e2ce \u00e0 ces cuisini\u00e8res qui comportent plusieurs fours, plus rien ne vient entraver vos ambitions culinaires, et vous pouvez pr\u00e9parer diff\u00e9rents plats en m\u00eame temps. Une cuisini\u00e8re Belling est une splendide carte de visite pour votre cuisine. Partager et vivre ensemble les plaisirs de la table en toute convivialit\u00e9. Avec un r\u00e9sultat parfait, gr\u00e2ce \u00e0 votre Belling.<\/p>\n<\/div>\n<\/div><\/div><\/div><\/div><div id=\"pg-w686e81cfa6c9f-3\"  class=\"panel-grid panel-no-style\" ><div id=\"pgc-w686e81cfa6c9f-3-0\"  class=\"panel-grid-cell\" ><div id=\"panel-w686e81cfa6c9f-3-0-0\" class=\"so-panel widget widget_sow-headline panel-first-child\" data-index=\"4\" ><div\n\t\t\t\n\t\t\tclass=\"so-widget-sow-headline so-widget-sow-headline-default-c638b27e51c7\"\n\t\t\t\n\t\t><div class=\"sow-headline-container \">\n\t\t\t\t\t\t\t<h3 class=\"sow-headline\">\n\t\t\t\t\t\tRiche en saveur\t\t\t\t\t\t<\/h3>\n\t\t\t\t\t\t<\/div>\n<\/div><\/div><div id=\"panel-w686e81cfa6c9f-3-0-1\" class=\"so-panel widget widget_sow-editor panel-last-child\" data-index=\"5\" ><div\n\t\t\t\n\t\t\tclass=\"so-widget-sow-editor so-widget-sow-editor-base\"\n\t\t\t\n\t\t>\n<div class=\"siteorigin-widget-tinymce textwidget\">\n\t<p style=\"text-align: center;\">Autant de cuisines, autant de chefs, autant de go\u00fbts. C\u2019est en s\u2019appuyant sur cette id\u00e9e que Belling a \u00e9labor\u00e9 une offre compl\u00e8te de cuisini\u00e8res \u00e0 induction et \u00e0 gaz. Vous avez ainsi le choix entre plusieurs fours \u00e9conomes en \u00e9nergie, zones d\u2019induction que vous pouvez combiner et de couleurs assorties \u00e0 votre cuisine, pour une exp\u00e9rience toute personnelle. Tout ce qui compte chez Belling, depuis des d\u00e9cennies, c\u2019est la possibilit\u00e9 de cuisine avec plaisir et de laisser libre cours \u00e0 ses ambitions culinaires.<\/p>\n<\/div>\n<\/div><\/div><\/div><\/div><div id=\"pg-w686e81cfa6c9f-4\"  class=\"panel-grid panel-no-style\" ><div id=\"pgc-w686e81cfa6c9f-4-0\"  class=\"panel-grid-cell\" ><div id=\"panel-w686e81cfa6c9f-4-0-0\" class=\"so-panel widget widget_sow-button panel-first-child panel-last-child\" data-index=\"6\" ><div\n\t\t\t\n\t\t\tclass=\"so-widget-sow-button so-widget-sow-button-flat-2bc410a5f6ae\"\n\t\t\t\n\t\t><div class=\"ow-button-base ow-button-align-left\"\n>\n\t\t\t<a\n\t\t\t\t\thref=\"https:\/\/belling.eu\/homepage\/\"\n\t\t\t\t\tclass=\"sowb-button ow-icon-placement-left\" \t>\n\t\t<span>\n\t\t\t<span class=\"sow-icon-icomoon\" data-sow-icon=\"&#xea38;\"\n\t\tstyle=\"\" \n\t\taria-hidden=\"true\"><\/span>\n\t\t\tRETOUR \u00c0 L'ACCUEIL\t\t<\/span>\n\t\t\t<\/a>\n\t<\/div>\n<\/div><\/div><\/div><div id=\"pgc-w686e81cfa6c9f-4-1\"  class=\"panel-grid-cell\" ><div id=\"panel-w686e81cfa6c9f-4-1-0\" class=\"so-panel widget widget_sow-button panel-first-child panel-last-child\" data-index=\"7\" ><div\n\t\t\t\n\t\t\tclass=\"so-widget-sow-button so-widget-sow-button-flat-e93b2d9cfd0d\"\n\t\t\t\n\t\t><div class=\"ow-button-base ow-button-align-right\"\n>\n\t\t\t<a\n\t\t\t\t\thref=\"https:\/\/belling.eu\/fr\/producten\/cuisinieres\/\"\n\t\t\t\t\tclass=\"sowb-button ow-icon-placement-left ow-button-hover\" \t>\n\t\t<span>\n\t\t\t<span class=\"sow-icon-icomoon\" data-sow-icon=\"&#xea34;\"\n\t\tstyle=\"\" \n\t\taria-hidden=\"true\"><\/span>\n\t\t\tTOUTES LES CUISINI\u00c8RES\t\t<\/span>\n\t\t\t<\/a>\n\t<\/div>\n<\/div><\/div><\/div><\/div><\/div><\/div><\/div><\/div><\/div><\/div><\/div>","protected":false},"excerpt":{"rendered":"<p>\u00c0 propos de Belling Implant\u00e9e dans le Nord de l&rsquo;Angleterre, l\u2019entreprise familiale Belling est une maison de tradition. Aujourd&rsquo;hui, plus de cent ans apr\u00e8s la cr\u00e9ation de la marque, les cuisini\u00e8res Belling sont toujours fabriqu\u00e9es \u00e0 la main. Tradition, artisanat, passion pour le m\u00e9tier et attention port\u00e9e aux d\u00e9tails. Fort de cette exp\u00e9rience, Belling cr\u00e9e [&hellip;]<\/p>\n","protected":false},"author":8,"featured_media":0,"parent":0,"menu_order":0,"comment_status":"closed","ping_status":"closed","template":"","meta":{"_acf_changed":false,"footnotes":""},"class_list":["post-3598","page","type-page","status-publish","hentry"],"acf":[],"yoast_head":"<!-- This site is optimized with the Yoast SEO plugin v27.5 - https:\/\/yoast.com\/product\/yoast-seo-wordpress\/ -->\n<title>&Agrave; propos de Belling - Belling<\/title>\n<meta name=\"robots\" content=\"index, follow, max-snippet:-1, max-image-preview:large, max-video-preview:-1\" \/>\n<link rel=\"canonical\" href=\"https:\/\/belling.eu\/fr\/propos-de-belling\/\" \/>\n<meta property=\"og:locale\" content=\"fr_FR\" \/>\n<meta property=\"og:type\" content=\"article\" \/>\n<meta property=\"og:title\" content=\"&Agrave; propos de Belling - Belling\" \/>\n<meta property=\"og:description\" content=\"\u00c0 propos de Belling Implant\u00e9e dans le Nord de l&#039;Angleterre, l\u2019entreprise familiale Belling est une maison de tradition. Aujourd&#039;hui, plus de cent ans apr\u00e8s la cr\u00e9ation de la marque, les cuisini\u00e8res Belling sont toujours fabriqu\u00e9es \u00e0 la main. Tradition, artisanat, passion pour le m\u00e9tier et attention port\u00e9e aux d\u00e9tails. Fort de cette exp\u00e9rience, Belling cr\u00e9e [&hellip;]\" \/>\n<meta property=\"og:url\" content=\"https:\/\/belling.eu\/fr\/propos-de-belling\/\" \/>\n<meta property=\"og:site_name\" content=\"Belling\" \/>\n<meta property=\"article:modified_time\" content=\"2025-07-09T14:50:55+00:00\" \/>\n<meta property=\"og:image\" content=\"https:\/\/belling.eu\/wp-content\/uploads\/2019\/02\/achtergrondbeeld_over-belling_-glen-dimplex.jpg\" \/>\n<meta name=\"twitter:card\" content=\"summary_large_image\" \/>\n<meta name=\"twitter:label1\" content=\"Dur\u00e9e de lecture estim\u00e9e\" \/>\n\t<meta name=\"twitter:data1\" content=\"3 minutes\" \/>\n<script type=\"application\/ld+json\" class=\"yoast-schema-graph\">{\"@context\":\"https:\\\/\\\/schema.org\",\"@graph\":[{\"@type\":\"WebPage\",\"@id\":\"https:\\\/\\\/belling.eu\\\/fr\\\/propos-de-belling\\\/\",\"url\":\"https:\\\/\\\/belling.eu\\\/fr\\\/propos-de-belling\\\/\",\"name\":\"&Agrave; propos de Belling - Belling\",\"isPartOf\":{\"@id\":\"https:\\\/\\\/belling.eu\\\/#website\"},\"primaryImageOfPage\":{\"@id\":\"https:\\\/\\\/belling.eu\\\/fr\\\/propos-de-belling\\\/#primaryimage\"},\"image\":{\"@id\":\"https:\\\/\\\/belling.eu\\\/fr\\\/propos-de-belling\\\/#primaryimage\"},\"thumbnailUrl\":\"https:\\\/\\\/belling.eu\\\/wp-content\\\/uploads\\\/2019\\\/02\\\/achtergrondbeeld_over-belling_-glen-dimplex.jpg\",\"datePublished\":\"2020-08-21T09:31:56+00:00\",\"dateModified\":\"2025-07-09T14:50:55+00:00\",\"breadcrumb\":{\"@id\":\"https:\\\/\\\/belling.eu\\\/fr\\\/propos-de-belling\\\/#breadcrumb\"},\"inLanguage\":\"fr-FR\",\"potentialAction\":[{\"@type\":\"ReadAction\",\"target\":[\"https:\\\/\\\/belling.eu\\\/fr\\\/propos-de-belling\\\/\"]}]},{\"@type\":\"ImageObject\",\"inLanguage\":\"fr-FR\",\"@id\":\"https:\\\/\\\/belling.eu\\\/fr\\\/propos-de-belling\\\/#primaryimage\",\"url\":\"https:\\\/\\\/belling.eu\\\/wp-content\\\/uploads\\\/2019\\\/02\\\/achtergrondbeeld_over-belling_-glen-dimplex.jpg\",\"contentUrl\":\"https:\\\/\\\/belling.eu\\\/wp-content\\\/uploads\\\/2019\\\/02\\\/achtergrondbeeld_over-belling_-glen-dimplex.jpg\"},{\"@type\":\"BreadcrumbList\",\"@id\":\"https:\\\/\\\/belling.eu\\\/fr\\\/propos-de-belling\\\/#breadcrumb\",\"itemListElement\":[{\"@type\":\"ListItem\",\"position\":1,\"name\":\"Home\",\"item\":\"https:\\\/\\\/belling.eu\\\/fr\\\/\"},{\"@type\":\"ListItem\",\"position\":2,\"name\":\"&Agrave; propos de Belling\"}]},{\"@type\":\"WebSite\",\"@id\":\"https:\\\/\\\/belling.eu\\\/#website\",\"url\":\"https:\\\/\\\/belling.eu\\\/\",\"name\":\"Belling\",\"description\":\"\",\"potentialAction\":[{\"@type\":\"SearchAction\",\"target\":{\"@type\":\"EntryPoint\",\"urlTemplate\":\"https:\\\/\\\/belling.eu\\\/?s={search_term_string}\"},\"query-input\":{\"@type\":\"PropertyValueSpecification\",\"valueRequired\":true,\"valueName\":\"search_term_string\"}}],\"inLanguage\":\"fr-FR\"}]}<\/script>\n<!-- \/ Yoast SEO plugin. -->","yoast_head_json":{"title":"&Agrave; propos de Belling - Belling","robots":{"index":"index","follow":"follow","max-snippet":"max-snippet:-1","max-image-preview":"max-image-preview:large","max-video-preview":"max-video-preview:-1"},"canonical":"https:\/\/belling.eu\/fr\/propos-de-belling\/","og_locale":"fr_FR","og_type":"article","og_title":"&Agrave; propos de Belling - Belling","og_description":"\u00c0 propos de Belling Implant\u00e9e dans le Nord de l'Angleterre, l\u2019entreprise familiale Belling est une maison de tradition. Aujourd'hui, plus de cent ans apr\u00e8s la cr\u00e9ation de la marque, les cuisini\u00e8res Belling sont toujours fabriqu\u00e9es \u00e0 la main. Tradition, artisanat, passion pour le m\u00e9tier et attention port\u00e9e aux d\u00e9tails. Fort de cette exp\u00e9rience, Belling cr\u00e9e [&hellip;]","og_url":"https:\/\/belling.eu\/fr\/propos-de-belling\/","og_site_name":"Belling","article_modified_time":"2025-07-09T14:50:55+00:00","og_image":[{"url":"https:\/\/belling.eu\/wp-content\/uploads\/2019\/02\/achtergrondbeeld_over-belling_-glen-dimplex.jpg","type":"","width":"","height":""}],"twitter_card":"summary_large_image","twitter_misc":{"Dur\u00e9e de lecture estim\u00e9e":"3 minutes"},"schema":{"@context":"https:\/\/schema.org","@graph":[{"@type":"WebPage","@id":"https:\/\/belling.eu\/fr\/propos-de-belling\/","url":"https:\/\/belling.eu\/fr\/propos-de-belling\/","name":"&Agrave; propos de Belling - Belling","isPartOf":{"@id":"https:\/\/belling.eu\/#website"},"primaryImageOfPage":{"@id":"https:\/\/belling.eu\/fr\/propos-de-belling\/#primaryimage"},"image":{"@id":"https:\/\/belling.eu\/fr\/propos-de-belling\/#primaryimage"},"thumbnailUrl":"https:\/\/belling.eu\/wp-content\/uploads\/2019\/02\/achtergrondbeeld_over-belling_-glen-dimplex.jpg","datePublished":"2020-08-21T09:31:56+00:00","dateModified":"2025-07-09T14:50:55+00:00","breadcrumb":{"@id":"https:\/\/belling.eu\/fr\/propos-de-belling\/#breadcrumb"},"inLanguage":"fr-FR","potentialAction":[{"@type":"ReadAction","target":["https:\/\/belling.eu\/fr\/propos-de-belling\/"]}]},{"@type":"ImageObject","inLanguage":"fr-FR","@id":"https:\/\/belling.eu\/fr\/propos-de-belling\/#primaryimage","url":"https:\/\/belling.eu\/wp-content\/uploads\/2019\/02\/achtergrondbeeld_over-belling_-glen-dimplex.jpg","contentUrl":"https:\/\/belling.eu\/wp-content\/uploads\/2019\/02\/achtergrondbeeld_over-belling_-glen-dimplex.jpg"},{"@type":"BreadcrumbList","@id":"https:\/\/belling.eu\/fr\/propos-de-belling\/#breadcrumb","itemListElement":[{"@type":"ListItem","position":1,"name":"Home","item":"https:\/\/belling.eu\/fr\/"},{"@type":"ListItem","position":2,"name":"&Agrave; propos de Belling"}]},{"@type":"WebSite","@id":"https:\/\/belling.eu\/#website","url":"https:\/\/belling.eu\/","name":"Belling","description":"","potentialAction":[{"@type":"SearchAction","target":{"@type":"EntryPoint","urlTemplate":"https:\/\/belling.eu\/?s={search_term_string}"},"query-input":{"@type":"PropertyValueSpecification","valueRequired":true,"valueName":"search_term_string"}}],"inLanguage":"fr-FR"}]}},"_links":{"self":[{"href":"https:\/\/belling.eu\/fr\/wp-json\/wp\/v2\/pages\/3598","targetHints":{"allow":["GET"]}}],"collection":[{"href":"https:\/\/belling.eu\/fr\/wp-json\/wp\/v2\/pages"}],"about":[{"href":"https:\/\/belling.eu\/fr\/wp-json\/wp\/v2\/types\/page"}],"author":[{"embeddable":true,"href":"https:\/\/belling.eu\/fr\/wp-json\/wp\/v2\/users\/8"}],"replies":[{"embeddable":true,"href":"https:\/\/belling.eu\/fr\/wp-json\/wp\/v2\/comments?post=3598"}],"version-history":[{"count":0,"href":"https:\/\/belling.eu\/fr\/wp-json\/wp\/v2\/pages\/3598\/revisions"}],"wp:attachment":[{"href":"https:\/\/belling.eu\/fr\/wp-json\/wp\/v2\/media?parent=3598"}],"curies":[{"name":"wp","href":"https:\/\/api.w.org\/{rel}","templated":true}]}}