{"id":3559,"date":"2020-08-21T10:48:50","date_gmt":"2020-08-21T08:48:50","guid":{"rendered":"https:\/\/nlbell-stibanken.savviihq.com\/enregistrez-votre-cuisinire-belling\/"},"modified":"2025-07-09T16:29:17","modified_gmt":"2025-07-09T14:29:17","slug":"enregistrez-votre-cuisinire-belling","status":"publish","type":"page","link":"https:\/\/belling.eu\/fr\/service-clients\/enregistrez-votre-cuisinire-belling\/","title":{"rendered":"Enregistrez votre cuisini&egrave;re Belling"},"content":{"rendered":"<div id=\"pl-3559\"  class=\"panel-layout\" ><div id=\"pg-3559-0\"  class=\"panel-grid panel-no-style\" ><div id=\"pgc-3559-0-0\"  class=\"panel-grid-cell\" ><div id=\"panel-3559-0-0-0\" class=\"so-panel widget widget_sow-headline panel-first-child\" data-index=\"0\" ><div\n\t\t\t\n\t\t\tclass=\"so-widget-sow-headline so-widget-sow-headline-default-936ad1910e84-3559\"\n\t\t\t\n\t\t><div class=\"sow-headline-container \">\n\t\t\t\t\t\t\t<h1 class=\"sow-headline\">\n\t\t\t\t\t\tEnregistrez votre cuisini\u00e8re Belling\t\t\t\t\t\t<\/h1>\n\t\t\t\t\t\t<\/div>\n<\/div><\/div><div id=\"panel-3559-0-0-1\" class=\"so-panel widget widget_sow-editor\" data-index=\"1\" ><div\n\t\t\t\n\t\t\tclass=\"so-widget-sow-editor so-widget-sow-editor-base\"\n\t\t\t\n\t\t>\n<div class=\"siteorigin-widget-tinymce textwidget\">\n\t<p>Pour pouvoir mieux vous servir lors d\u2019une \u00e9ventuelle visite du service apr\u00e8s-vente, nous vous conseillons d'enregistrer votre produit \u00e0 l\u2019aide d'une formulaire ci-dessous.<\/p>\n<\/div>\n<\/div><\/div><div id=\"panel-3559-0-0-2\" class=\"so-panel widget widget_sow-editor panel-last-child\" data-index=\"2\" ><div\n\t\t\t\n\t\t\tclass=\"so-widget-sow-editor so-widget-sow-editor-base\"\n\t\t\t\n\t\t>\n<div class=\"siteorigin-widget-tinymce textwidget\">\n\t[vc_raw_html]PGlmcmFtZSBzcmM9Imh0dHBzOi8vYXBwLmluc2V6by5jb20vcHJvZHVjdHJlZ2lzdHJhdGlvbmlmcmFtZT9idD1ic25sJmV4PWJlbGxpbmcmbGFuZz1mciAiIHdpZHRoPSI4MDBweCIgaGVpZ2h0PSIxMTAwcHgiIGZyYW1lYm9yZGVyPSIwIiBzY3JvbGxpbmc9ImF1dG8iPjwvaWZyYW1lPg==[\/vc_raw_html][\/vc_column]\n<\/div>\n<\/div><\/div><\/div><\/div><\/div>","protected":false},"excerpt":{"rendered":"<p>Pour pouvoir mieux vous servir lors d\u2019une \u00e9ventuelle visite du service apr\u00e8s-vente, nous vous conseillons d&rsquo;enregistrer votre produit \u00e0 l\u2019aide d&rsquo;une formulaire ci-dessous. [vc_raw_html]PGlmcmFtZSBzcmM9Imh0dHBzOi8vYXBwLmluc2V6by5jb20vcHJvZHVjdHJlZ2lzdHJhdGlvbmlmcmFtZT9idD1ic25sJmV4PWJlbGxpbmcmbGFuZz1mciAiIHdpZHRoPSI4MDBweCIgaGVpZ2h0PSIxMTAwcHgiIGZyYW1lYm9yZGVyPSIwIiBzY3JvbGxpbmc9ImF1dG8iPjwvaWZyYW1lPg==[\/vc_raw_html][\/vc_column]<\/p>\n","protected":false},"author":8,"featured_media":0,"parent":3643,"menu_order":0,"comment_status":"closed","ping_status":"closed","template":"","meta":{"_acf_changed":false,"footnotes":""},"class_list":["post-3559","page","type-page","status-publish","hentry"],"acf":[],"yoast_head":"<!-- This site is optimized with the Yoast SEO plugin v27.3 - https:\/\/yoast.com\/product\/yoast-seo-wordpress\/ -->\n<title>Enregistrer un produit - Belling<\/title>\n<meta name=\"description\" content=\"Enregistrez votre produit ici. Enregistrer votre produit constitue un avantage si celui-ci pr\u00e9sente une panne ou un dysfonctionnement.\" \/>\n<meta name=\"robots\" content=\"index, follow, max-snippet:-1, max-image-preview:large, max-video-preview:-1\" \/>\n<link rel=\"canonical\" href=\"https:\/\/belling.eu\/fr\/service-clients\/enregistrez-votre-cuisinire-belling\/\" \/>\n<meta property=\"og:locale\" content=\"fr_FR\" \/>\n<meta property=\"og:type\" content=\"article\" \/>\n<meta property=\"og:title\" content=\"Enregistrer un produit - Belling\" \/>\n<meta property=\"og:description\" content=\"Enregistrez votre produit ici. Enregistrer votre produit constitue un avantage si celui-ci pr\u00e9sente une panne ou un dysfonctionnement.\" \/>\n<meta property=\"og:url\" content=\"https:\/\/belling.eu\/fr\/service-clients\/enregistrez-votre-cuisinire-belling\/\" \/>\n<meta property=\"og:site_name\" content=\"Belling\" \/>\n<meta property=\"article:modified_time\" content=\"2025-07-09T14:29:17+00:00\" \/>\n<meta name=\"twitter:card\" content=\"summary_large_image\" \/>\n<meta name=\"twitter:label1\" content=\"Dur\u00e9e de lecture estim\u00e9e\" \/>\n\t<meta name=\"twitter:data1\" content=\"1 minute\" \/>\n<script type=\"application\/ld+json\" class=\"yoast-schema-graph\">{\"@context\":\"https:\\\/\\\/schema.org\",\"@graph\":[{\"@type\":\"WebPage\",\"@id\":\"https:\\\/\\\/belling.eu\\\/fr\\\/service-clients\\\/enregistrez-votre-cuisinire-belling\\\/\",\"url\":\"https:\\\/\\\/belling.eu\\\/fr\\\/service-clients\\\/enregistrez-votre-cuisinire-belling\\\/\",\"name\":\"Enregistrer un produit - Belling\",\"isPartOf\":{\"@id\":\"https:\\\/\\\/belling.eu\\\/#website\"},\"datePublished\":\"2020-08-21T08:48:50+00:00\",\"dateModified\":\"2025-07-09T14:29:17+00:00\",\"description\":\"Enregistrez votre produit ici. Enregistrer votre produit constitue un avantage si celui-ci pr\u00e9sente une panne ou un dysfonctionnement.\",\"breadcrumb\":{\"@id\":\"https:\\\/\\\/belling.eu\\\/fr\\\/service-clients\\\/enregistrez-votre-cuisinire-belling\\\/#breadcrumb\"},\"inLanguage\":\"fr-FR\",\"potentialAction\":[{\"@type\":\"ReadAction\",\"target\":[\"https:\\\/\\\/belling.eu\\\/fr\\\/service-clients\\\/enregistrez-votre-cuisinire-belling\\\/\"]}]},{\"@type\":\"BreadcrumbList\",\"@id\":\"https:\\\/\\\/belling.eu\\\/fr\\\/service-clients\\\/enregistrez-votre-cuisinire-belling\\\/#breadcrumb\",\"itemListElement\":[{\"@type\":\"ListItem\",\"position\":1,\"name\":\"Home\",\"item\":\"https:\\\/\\\/belling.eu\\\/fr\\\/\"},{\"@type\":\"ListItem\",\"position\":2,\"name\":\"Service Clients\",\"item\":\"https:\\\/\\\/belling.eu\\\/fr\\\/service-clients\\\/\"},{\"@type\":\"ListItem\",\"position\":3,\"name\":\"Enregistrez votre cuisini&egrave;re Belling\"}]},{\"@type\":\"WebSite\",\"@id\":\"https:\\\/\\\/belling.eu\\\/#website\",\"url\":\"https:\\\/\\\/belling.eu\\\/\",\"name\":\"Belling\",\"description\":\"\",\"potentialAction\":[{\"@type\":\"SearchAction\",\"target\":{\"@type\":\"EntryPoint\",\"urlTemplate\":\"https:\\\/\\\/belling.eu\\\/?s={search_term_string}\"},\"query-input\":{\"@type\":\"PropertyValueSpecification\",\"valueRequired\":true,\"valueName\":\"search_term_string\"}}],\"inLanguage\":\"fr-FR\"}]}<\/script>\n<!-- \/ Yoast SEO plugin. -->","yoast_head_json":{"title":"Enregistrer un produit - Belling","description":"Enregistrez votre produit ici. Enregistrer votre produit constitue un avantage si celui-ci pr\u00e9sente une panne ou un dysfonctionnement.","robots":{"index":"index","follow":"follow","max-snippet":"max-snippet:-1","max-image-preview":"max-image-preview:large","max-video-preview":"max-video-preview:-1"},"canonical":"https:\/\/belling.eu\/fr\/service-clients\/enregistrez-votre-cuisinire-belling\/","og_locale":"fr_FR","og_type":"article","og_title":"Enregistrer un produit - Belling","og_description":"Enregistrez votre produit ici. Enregistrer votre produit constitue un avantage si celui-ci pr\u00e9sente une panne ou un dysfonctionnement.","og_url":"https:\/\/belling.eu\/fr\/service-clients\/enregistrez-votre-cuisinire-belling\/","og_site_name":"Belling","article_modified_time":"2025-07-09T14:29:17+00:00","twitter_card":"summary_large_image","twitter_misc":{"Dur\u00e9e de lecture estim\u00e9e":"1 minute"},"schema":{"@context":"https:\/\/schema.org","@graph":[{"@type":"WebPage","@id":"https:\/\/belling.eu\/fr\/service-clients\/enregistrez-votre-cuisinire-belling\/","url":"https:\/\/belling.eu\/fr\/service-clients\/enregistrez-votre-cuisinire-belling\/","name":"Enregistrer un produit - Belling","isPartOf":{"@id":"https:\/\/belling.eu\/#website"},"datePublished":"2020-08-21T08:48:50+00:00","dateModified":"2025-07-09T14:29:17+00:00","description":"Enregistrez votre produit ici. Enregistrer votre produit constitue un avantage si celui-ci pr\u00e9sente une panne ou un dysfonctionnement.","breadcrumb":{"@id":"https:\/\/belling.eu\/fr\/service-clients\/enregistrez-votre-cuisinire-belling\/#breadcrumb"},"inLanguage":"fr-FR","potentialAction":[{"@type":"ReadAction","target":["https:\/\/belling.eu\/fr\/service-clients\/enregistrez-votre-cuisinire-belling\/"]}]},{"@type":"BreadcrumbList","@id":"https:\/\/belling.eu\/fr\/service-clients\/enregistrez-votre-cuisinire-belling\/#breadcrumb","itemListElement":[{"@type":"ListItem","position":1,"name":"Home","item":"https:\/\/belling.eu\/fr\/"},{"@type":"ListItem","position":2,"name":"Service Clients","item":"https:\/\/belling.eu\/fr\/service-clients\/"},{"@type":"ListItem","position":3,"name":"Enregistrez votre cuisini&egrave;re Belling"}]},{"@type":"WebSite","@id":"https:\/\/belling.eu\/#website","url":"https:\/\/belling.eu\/","name":"Belling","description":"","potentialAction":[{"@type":"SearchAction","target":{"@type":"EntryPoint","urlTemplate":"https:\/\/belling.eu\/?s={search_term_string}"},"query-input":{"@type":"PropertyValueSpecification","valueRequired":true,"valueName":"search_term_string"}}],"inLanguage":"fr-FR"}]}},"_links":{"self":[{"href":"https:\/\/belling.eu\/fr\/wp-json\/wp\/v2\/pages\/3559","targetHints":{"allow":["GET"]}}],"collection":[{"href":"https:\/\/belling.eu\/fr\/wp-json\/wp\/v2\/pages"}],"about":[{"href":"https:\/\/belling.eu\/fr\/wp-json\/wp\/v2\/types\/page"}],"author":[{"embeddable":true,"href":"https:\/\/belling.eu\/fr\/wp-json\/wp\/v2\/users\/8"}],"replies":[{"embeddable":true,"href":"https:\/\/belling.eu\/fr\/wp-json\/wp\/v2\/comments?post=3559"}],"version-history":[{"count":0,"href":"https:\/\/belling.eu\/fr\/wp-json\/wp\/v2\/pages\/3559\/revisions"}],"up":[{"embeddable":true,"href":"https:\/\/belling.eu\/fr\/wp-json\/wp\/v2\/pages\/3643"}],"wp:attachment":[{"href":"https:\/\/belling.eu\/fr\/wp-json\/wp\/v2\/media?parent=3559"}],"curies":[{"name":"wp","href":"https:\/\/api.w.org\/{rel}","templated":true}]}}